{"id":17525,"date":"2020-12-02T11:10:15","date_gmt":"2020-12-02T10:10:15","guid":{"rendered":"https:\/\/grandhotelnormandy.com\/offres-speciales\/"},"modified":"2025-11-23T14:06:03","modified_gmt":"2025-11-23T13:06:03","slug":"offres-speciales","status":"publish","type":"page","link":"https:\/\/grandhotelnormandy.com\/fr\/offres-speciales\/","title":{"rendered":"Offres sp\u00e9ciales"},"content":{"rendered":"\t\t<div data-elementor-type=\"wp-page\" data-elementor-id=\"17525\" class=\"elementor elementor-17525 elementor-3712\">\n\t\t\t\t<div class=\"elementor-element elementor-element-2ee4496 e-flex e-con-boxed e-con e-parent\" data-id=\"2ee4496\" data-element_type=\"container\" data-e-type=\"container\">\n\t\t\t\t\t<div class=\"e-con-inner\">\n\t\t\t\t<div class=\"elementor-element elementor-element-7ef0955 elementor-widget elementor-widget-augustine_core_section_title\" data-id=\"7ef0955\" data-element_type=\"widget\" data-e-type=\"widget\" data-widget_type=\"augustine_core_section_title.default\">\n\t\t\t\t<div class=\"elementor-widget-container\">\n\t\t\t\t\t<div class=\"qodef-shortcode qodef-m  qodef-section-title qodef-alignment--center    qodef-separator-appear \">\n\t\t<span class=\"qodef-m-separator\" ><\/span>\n\t\t\t\t<\/div>\t\t\t\t<\/div>\n\t\t\t\t<\/div>\n\t\t\t\t<div class=\"elementor-element elementor-element-16d808a elementor-widget elementor-widget-augustine_core_section_title\" data-id=\"16d808a\" data-element_type=\"widget\" data-e-type=\"widget\" data-widget_type=\"augustine_core_section_title.default\">\n\t\t\t\t<div class=\"elementor-widget-container\">\n\t\t\t\t\t<div class=\"qodef-shortcode qodef-m  qodef-section-title qodef-alignment--center    qodef-separator-appear \">\n\t\t\t\t<h3 class=\"qodef-m-title\" style=\"margin-top: 0px\">\n\t\t\t\t\tPromotions, offres et derni\u00e8res minutes\t\t\t<\/h3>\n\t\t<\/div>\t\t\t\t<\/div>\n\t\t\t\t<\/div>\n\t\t\t\t\t<\/div>\n\t\t\t\t<\/div>\n\t\t<div class=\"elementor-element elementor-element-eb541a5 e-flex e-con-boxed e-con e-parent\" data-id=\"eb541a5\" data-element_type=\"container\" data-e-type=\"container\">\n\t\t\t\t\t<div class=\"e-con-inner\">\n\t\t\t\t<div class=\"elementor-element elementor-element-4f7f362 elementor-widget elementor-widget-text-editor\" data-id=\"4f7f362\" data-element_type=\"widget\" data-e-type=\"widget\" data-widget_type=\"text-editor.default\">\n\t\t\t\t<div class=\"elementor-widget-container\">\n\t\t\t\t\t\t\t\t\t<p>D\u00e9couvrez des promotions exclusives pour votre s\u00e9jour. Qu&rsquo;il s&rsquo;agisse d&rsquo;offres saisonni\u00e8res ou d&rsquo;offres \u00e0 dur\u00e9e limit\u00e9e, vous pouvez r\u00e9aliser des \u00e9conomies et am\u00e9liorer votre exp\u00e9rience avec nous.<\/p>\t\t\t\t\t\t\t\t<\/div>\n\t\t\t\t<\/div>\n\t\t\t\t\t<\/div>\n\t\t\t\t<\/div>\n\t\t<div class=\"elementor-element elementor-element-3a41446 e-flex e-con-boxed e-con e-parent\" data-id=\"3a41446\" data-element_type=\"container\" data-e-type=\"container\">\n\t\t\t\t\t<div class=\"e-con-inner\">\n\t\t\t\t<div class=\"elementor-element elementor-element-f46d588 elementor-widget__width-inherit elementor-widget elementor-widget-augustine_core_section_title\" data-id=\"f46d588\" data-element_type=\"widget\" data-e-type=\"widget\" data-widget_type=\"augustine_core_section_title.default\">\n\t\t\t\t<div class=\"elementor-widget-container\">\n\t\t\t\t\t<div class=\"qodef-shortcode qodef-m  qodef-section-title qodef-alignment--center    qodef-separator-appear \">\n\t\t<span class=\"qodef-m-separator\" ><\/span>\n\t\t\t<h5 class=\"qodef-m-title\" >\n\t\t\t\t\tIl n'y a pas d'offres sp\u00e9ciales pour le moment.\t\t\t<\/h5>\n\t\t<\/div>\t\t\t\t<\/div>\n\t\t\t\t<\/div>\n\t\t\t\t\t<\/div>\n\t\t\t\t<\/div>\n\t\t<div class=\"elementor-element elementor-element-32c0c05 e-flex e-con-boxed e-con e-parent\" data-id=\"32c0c05\" data-element_type=\"container\" data-e-type=\"container\">\n\t\t\t\t\t<div class=\"e-con-inner\">\n\t\t\t\t<div class=\"elementor-element elementor-element-3574ffa elementor-widget__width-inherit elementor-widget elementor-widget-augustine_core_section_title\" data-id=\"3574ffa\" data-element_type=\"widget\" data-e-type=\"widget\" data-widget_type=\"augustine_core_section_title.default\">\n\t\t\t\t<div class=\"elementor-widget-container\">\n\t\t\t\t\t<div class=\"qodef-shortcode qodef-m  qodef-section-title qodef-alignment--center    qodef-separator-appear \">\n\t\t<span class=\"qodef-m-separator\" ><\/span>\n\t\t\t\t<\/div>\t\t\t\t<\/div>\n\t\t\t\t<\/div>\n\t\t\t\t<div class=\"elementor-element elementor-element-4f28dc0 elementor-widget elementor-widget-augustine_core_section_title\" data-id=\"4f28dc0\" data-element_type=\"widget\" data-e-type=\"widget\" data-widget_type=\"augustine_core_section_title.default\">\n\t\t\t\t<div class=\"elementor-widget-container\">\n\t\t\t\t\t<div class=\"qodef-shortcode qodef-m  qodef-section-title qodef-alignment--center    qodef-separator-appear \">\n\t\t\t\t<h5 class=\"qodef-m-title\" style=\"margin-top: 0px\">\n\t\t\t\t\tSoyez le premier \u00e0 savoir !\t\t\t<\/h5>\n\t\t<\/div>\t\t\t\t<\/div>\n\t\t\t\t<\/div>\n\t\t\t\t<div class=\"elementor-element elementor-element-a271254 elementor-widget elementor-widget-text-editor\" data-id=\"a271254\" data-element_type=\"widget\" data-e-type=\"widget\" data-widget_type=\"text-editor.default\">\n\t\t\t\t<div class=\"elementor-widget-container\">\n\t\t\t\t\t\t\t\t\t<p>Ne manquez pas nos promotions sp\u00e9ciales ! Inscrivez-vous \u00e0 notre lettre d&rsquo;information et nous vous enverrons un message \u00e0 l&rsquo;avance, d\u00e8s qu&rsquo;une nouvelle promotion ou une offre de derni\u00e8re minute sera disponible !<br>Il vous suffit d&rsquo;utiliser le formulaire ci-dessous :<\/p>\t\t\t\t\t\t\t\t<\/div>\n\t\t\t\t<\/div>\n\t\t\t\t\t<\/div>\n\t\t\t\t<\/div>\n\t\t<div class=\"elementor-element elementor-element-6e4c34d e-flex e-con-boxed e-con e-parent\" data-id=\"6e4c34d\" data-element_type=\"container\" data-e-type=\"container\">\n\t\t\t\t\t<div class=\"e-con-inner\">\n\t\t\t\t<div class=\"elementor-element elementor-element-68a78a9 elementor-widget elementor-widget-shortcode\" data-id=\"68a78a9\" data-element_type=\"widget\" data-e-type=\"widget\" data-widget_type=\"shortcode.default\">\n\t\t\t\t<div class=\"elementor-widget-container\">\n\t\t\t\t\t\t\t<div class=\"elementor-shortcode\">\n\t\t\t<form id=\"sib_signup_form_10\" method=\"post\" class=\"sib_signup_form\">\n\t\t\t\t<div class=\"sib_loader\" style=\"display:none;\"><img\n\t\t\t\t\t\t\tsrc=\"https:\/\/grandhotelnormandy.com\/wp-includes\/images\/spinner.gif\" alt=\"loader\"><\/div>\n\t\t\t\t<input type=\"hidden\" name=\"sib_form_action\" value=\"subscribe_form_submit\">\n\t\t\t\t<input type=\"hidden\" name=\"sib_form_id\" value=\"10\">\n                <input type=\"hidden\" name=\"sib_form_alert_notice\" value=\"Please fill out this field\">\n                <input type=\"hidden\" name=\"sib_form_invalid_email_notice\" value=\"Your email address is invalid\">\n                <input type=\"hidden\" name=\"sib_security\" value=\"097a7fc4fa\">\n\t\t\t\t<div class=\"sib_signup_box_inside_10\">\n\t\t\t\t\t<div style=\"\/*display:none*\/\" class=\"sib_msg_disp\">\n\t\t\t\t\t<\/div>\n                    \t\t\t\t\t<div class=\"qodef-grid qodef-layout--template qodef-cf-contact-us\">\r\n<div class=\"qodef-grid-inner\">\r\n<div class=\"qodef-grid-item qodef-col--6\">\r\n<span class=\"wpcf7-form-control-wrap\"><input size=\"40\" class=\"wpcf7-form-control wpcf7-text wpcf7-validates-as-required\" placeholder=\"Votre nom...\" value=\"\" type=\"text\" name=\"FULLNAME\" required=\"required\"><\/span>\r\n<\/div>\r\n<div class=\"qodef-grid-item qodef-col--6\">\r\n<span class=\"wpcf7-form-control-wrap\"><input size=\"40\" class=\"wpcf7-form-control wpcf7-email wpcf7-validates-as-required wpcf7-text wpcf7-validates-as-email\" placeholder=\"Tapez votre email...\" value=\"\" type=\"email\" name=\"email\" required=\"required\"><\/span>\r\n<\/div>\r\n<div class=\"qodef-grid-item qodef-col--12\" style=\"text-align: center\">\r\n<span class=\"wpcf7-form-control-wrap\" data-name=\"checkbox-544\"><span class=\"wpcf7-form-control wpcf7-checkbox wpcf7-validates-as-required\"><span class=\"wpcf7-list-item first last\"><label><input type=\"checkbox\" name=\"checkbox-544[]\" value=\"J'accepte les conditions g\u00e9n\u00e9rales\" required=\"required\"><span class=\"wpcf7-list-item-label\">J'accepte les conditions g\u00e9n\u00e9rales<\/span><\/label><\/span><\/span><\/span>\r\n<\/div>\r\n\r\n<div class=\"qodef-grid-item qodef-col--12\" style=\"display: flex;justify-content: center\">\r\n<button class=\"wpcf7-form-control wpcf7-submit qodef-layout--outlined qodef-margin-45 qodef-button qodef-size--normal qodef-type--outlined qodef-m\" type=\"submit\"><span class=\"qodef-m-text\">D\u00e9couvrez plus<\/span><\/button>\r\n<\/div>\r\n<\/div>\r\n<\/div>\t\t\t\t<\/div>\n\t\t\t<\/form>\n\t\t\t<style>\n\t\t\t\tform#sib_signup_form_10 p.sib-alert-message {\n    padding: 6px 12px;\n    margin-bottom: 20px;\n    border: 1px solid transparent;\n    border-radius: 4px;\n    -webkit-box-sizing: border-box;\n    -moz-box-sizing: border-box;\n    box-sizing: border-box;\n}\nform#sib_signup_form_10 p.sib-alert-message-error {\n    background-color: #f2dede;\n    border-color: #ebccd1;\n    color: #a94442;\n}\nform#sib_signup_form_10 p.sib-alert-message-success {\n    background-color: #dff0d8;\n    border-color: #d6e9c6;\n    color: #3c763d;\n}\nform#sib_signup_form_10 p.sib-alert-message-warning {\n    background-color: #fcf8e3;\n    border-color: #faebcc;\n    color: #8a6d3b;\n}\n\t\t\t<\/style>\n\t\t\t<\/div>\n\t\t\t\t\t\t<\/div>\n\t\t\t\t<\/div>\n\t\t\t\t\t<\/div>\n\t\t\t\t<\/div>\n\t\t\t\t<\/div>\n\t\t","protected":false},"excerpt":{"rendered":"<p>Promotions, offres et derni\u00e8res minutes D\u00e9couvrez des promotions exclusives pour votre s\u00e9jour. Qu&rsquo;il s&rsquo;agisse d&rsquo;offres saisonni\u00e8res ou d&rsquo;offres \u00e0 dur\u00e9e limit\u00e9e, vous pouvez r\u00e9aliser des \u00e9conomies et am\u00e9liorer votre exp\u00e9rience avec nous. Il n&rsquo;y a pas d&rsquo;offres sp\u00e9ciales pour le moment. Soyez le premier \u00e0 savoir ! Ne manquez pas nos promotions sp\u00e9ciales ! Inscrivez-vous [&hellip;]<\/p>\n","protected":false},"author":2,"featured_media":0,"parent":0,"menu_order":0,"comment_status":"closed","ping_status":"closed","template":"page-full-width.php","meta":{"footnotes":""},"class_list":["post-17525","page","type-page","status-publish","hentry"],"yoast_head":"<!-- This site is optimized with the Yoast SEO plugin v27.3 - https:\/\/yoast.com\/product\/yoast-seo-wordpress\/ -->\n<title>Offres sp\u00e9ciales - Grand Hotel Normandy | Offres d&#039;H\u00f4tel \u00e0 Bruges<\/title>\n<meta name=\"description\" content=\"D\u00e9couvrez des offres sp\u00e9ciales exclusives au Grand Hotel Normandy \u00e0 Bruges. Profitez de r\u00e9ductions et de forfaits con\u00e7us pour rendre votre s\u00e9jour encore plus m\u00e9morable et abordable.\" \/>\n<meta name=\"robots\" content=\"index, follow, max-snippet:-1, max-image-preview:large, max-video-preview:-1\" \/>\n<link rel=\"canonical\" href=\"https:\/\/grandhotelnormandy.com\/fr\/offres-speciales\/\" \/>\n<meta property=\"og:locale\" content=\"fr_FR\" \/>\n<meta property=\"og:type\" content=\"article\" \/>\n<meta property=\"og:title\" content=\"Offres sp\u00e9ciales - Grand Hotel Normandy | Offres d&#039;H\u00f4tel \u00e0 Bruges\" \/>\n<meta property=\"og:description\" content=\"D\u00e9couvrez des offres sp\u00e9ciales exclusives au Grand Hotel Normandy \u00e0 Bruges. Profitez de r\u00e9ductions et de forfaits con\u00e7us pour rendre votre s\u00e9jour encore plus m\u00e9morable et abordable.\" \/>\n<meta property=\"og:url\" content=\"https:\/\/grandhotelnormandy.com\/fr\/offres-speciales\/\" \/>\n<meta property=\"og:site_name\" content=\"Grand Hotel Normandy\" \/>\n<meta property=\"article:publisher\" content=\"https:\/\/www.facebook.com\/grandhotelnormandy\" \/>\n<meta property=\"article:modified_time\" content=\"2025-11-23T13:06:03+00:00\" \/>\n<meta name=\"twitter:card\" content=\"summary_large_image\" \/>\n<script type=\"application\/ld+json\" class=\"yoast-schema-graph\">{\"@context\":\"https:\\\/\\\/schema.org\",\"@graph\":[{\"@type\":\"WebPage\",\"@id\":\"https:\\\/\\\/grandhotelnormandy.com\\\/fr\\\/offres-speciales\\\/\",\"url\":\"https:\\\/\\\/grandhotelnormandy.com\\\/fr\\\/offres-speciales\\\/\",\"name\":\"Offres sp\u00e9ciales - Grand Hotel Normandy | Offres d'H\u00f4tel \u00e0 Bruges\",\"isPartOf\":{\"@id\":\"https:\\\/\\\/grandhotelnormandy.com\\\/fr\\\/#website\"},\"datePublished\":\"2020-12-02T10:10:15+00:00\",\"dateModified\":\"2025-11-23T13:06:03+00:00\",\"description\":\"D\u00e9couvrez des offres sp\u00e9ciales exclusives au Grand Hotel Normandy \u00e0 Bruges. Profitez de r\u00e9ductions et de forfaits con\u00e7us pour rendre votre s\u00e9jour encore plus m\u00e9morable et abordable.\",\"breadcrumb\":{\"@id\":\"https:\\\/\\\/grandhotelnormandy.com\\\/fr\\\/offres-speciales\\\/#breadcrumb\"},\"inLanguage\":\"fr-FR\",\"potentialAction\":[{\"@type\":\"ReadAction\",\"target\":[\"https:\\\/\\\/grandhotelnormandy.com\\\/fr\\\/offres-speciales\\\/\"]}]},{\"@type\":\"BreadcrumbList\",\"@id\":\"https:\\\/\\\/grandhotelnormandy.com\\\/fr\\\/offres-speciales\\\/#breadcrumb\",\"itemListElement\":[{\"@type\":\"ListItem\",\"position\":1,\"name\":\"Home\",\"item\":\"https:\\\/\\\/grandhotelnormandy.com\\\/fr\\\/accueil\\\/\"},{\"@type\":\"ListItem\",\"position\":2,\"name\":\"Offres sp\u00e9ciales\"}]},{\"@type\":\"WebSite\",\"@id\":\"https:\\\/\\\/grandhotelnormandy.com\\\/fr\\\/#website\",\"url\":\"https:\\\/\\\/grandhotelnormandy.com\\\/fr\\\/\",\"name\":\"Grand Hotel Normandy Bruges\",\"description\":\"CW Hotel Collection - Best Hotels In Bruges\",\"publisher\":{\"@id\":\"https:\\\/\\\/grandhotelnormandy.com\\\/fr\\\/#organization\"},\"potentialAction\":[{\"@type\":\"SearchAction\",\"target\":{\"@type\":\"EntryPoint\",\"urlTemplate\":\"https:\\\/\\\/grandhotelnormandy.com\\\/fr\\\/?s={search_term_string}\"},\"query-input\":{\"@type\":\"PropertyValueSpecification\",\"valueRequired\":true,\"valueName\":\"search_term_string\"}}],\"inLanguage\":\"fr-FR\"},{\"@type\":\"Organization\",\"@id\":\"https:\\\/\\\/grandhotelnormandy.com\\\/fr\\\/#organization\",\"name\":\"Grand Hotel Normandy 4 stars Hotel\",\"url\":\"https:\\\/\\\/grandhotelnormandy.com\\\/fr\\\/\",\"logo\":{\"@type\":\"ImageObject\",\"inLanguage\":\"fr-FR\",\"@id\":\"https:\\\/\\\/grandhotelnormandy.com\\\/fr\\\/#\\\/schema\\\/logo\\\/image\\\/\",\"url\":\"https:\\\/\\\/grandhotelnormandy.com\\\/wp-content\\\/uploads\\\/2024\\\/02\\\/GHNormandy.png\",\"contentUrl\":\"https:\\\/\\\/grandhotelnormandy.com\\\/wp-content\\\/uploads\\\/2024\\\/02\\\/GHNormandy.png\",\"width\":778,\"height\":653,\"caption\":\"Grand Hotel Normandy 4 stars Hotel\"},\"image\":{\"@id\":\"https:\\\/\\\/grandhotelnormandy.com\\\/fr\\\/#\\\/schema\\\/logo\\\/image\\\/\"},\"sameAs\":[\"https:\\\/\\\/www.facebook.com\\\/grandhotelnormandy\"]}]}<\/script>\n<!-- \/ Yoast SEO plugin. -->","yoast_head_json":{"title":"Offres sp\u00e9ciales - Grand Hotel Normandy | Offres d'H\u00f4tel \u00e0 Bruges","description":"D\u00e9couvrez des offres sp\u00e9ciales exclusives au Grand Hotel Normandy \u00e0 Bruges. Profitez de r\u00e9ductions et de forfaits con\u00e7us pour rendre votre s\u00e9jour encore plus m\u00e9morable et abordable.","robots":{"index":"index","follow":"follow","max-snippet":"max-snippet:-1","max-image-preview":"max-image-preview:large","max-video-preview":"max-video-preview:-1"},"canonical":"https:\/\/grandhotelnormandy.com\/fr\/offres-speciales\/","og_locale":"fr_FR","og_type":"article","og_title":"Offres sp\u00e9ciales - Grand Hotel Normandy | Offres d'H\u00f4tel \u00e0 Bruges","og_description":"D\u00e9couvrez des offres sp\u00e9ciales exclusives au Grand Hotel Normandy \u00e0 Bruges. Profitez de r\u00e9ductions et de forfaits con\u00e7us pour rendre votre s\u00e9jour encore plus m\u00e9morable et abordable.","og_url":"https:\/\/grandhotelnormandy.com\/fr\/offres-speciales\/","og_site_name":"Grand Hotel Normandy","article_publisher":"https:\/\/www.facebook.com\/grandhotelnormandy","article_modified_time":"2025-11-23T13:06:03+00:00","twitter_card":"summary_large_image","schema":{"@context":"https:\/\/schema.org","@graph":[{"@type":"WebPage","@id":"https:\/\/grandhotelnormandy.com\/fr\/offres-speciales\/","url":"https:\/\/grandhotelnormandy.com\/fr\/offres-speciales\/","name":"Offres sp\u00e9ciales - Grand Hotel Normandy | Offres d'H\u00f4tel \u00e0 Bruges","isPartOf":{"@id":"https:\/\/grandhotelnormandy.com\/fr\/#website"},"datePublished":"2020-12-02T10:10:15+00:00","dateModified":"2025-11-23T13:06:03+00:00","description":"D\u00e9couvrez des offres sp\u00e9ciales exclusives au Grand Hotel Normandy \u00e0 Bruges. Profitez de r\u00e9ductions et de forfaits con\u00e7us pour rendre votre s\u00e9jour encore plus m\u00e9morable et abordable.","breadcrumb":{"@id":"https:\/\/grandhotelnormandy.com\/fr\/offres-speciales\/#breadcrumb"},"inLanguage":"fr-FR","potentialAction":[{"@type":"ReadAction","target":["https:\/\/grandhotelnormandy.com\/fr\/offres-speciales\/"]}]},{"@type":"BreadcrumbList","@id":"https:\/\/grandhotelnormandy.com\/fr\/offres-speciales\/#breadcrumb","itemListElement":[{"@type":"ListItem","position":1,"name":"Home","item":"https:\/\/grandhotelnormandy.com\/fr\/accueil\/"},{"@type":"ListItem","position":2,"name":"Offres sp\u00e9ciales"}]},{"@type":"WebSite","@id":"https:\/\/grandhotelnormandy.com\/fr\/#website","url":"https:\/\/grandhotelnormandy.com\/fr\/","name":"Grand Hotel Normandy Bruges","description":"CW Hotel Collection - Best Hotels In Bruges","publisher":{"@id":"https:\/\/grandhotelnormandy.com\/fr\/#organization"},"potentialAction":[{"@type":"SearchAction","target":{"@type":"EntryPoint","urlTemplate":"https:\/\/grandhotelnormandy.com\/fr\/?s={search_term_string}"},"query-input":{"@type":"PropertyValueSpecification","valueRequired":true,"valueName":"search_term_string"}}],"inLanguage":"fr-FR"},{"@type":"Organization","@id":"https:\/\/grandhotelnormandy.com\/fr\/#organization","name":"Grand Hotel Normandy 4 stars Hotel","url":"https:\/\/grandhotelnormandy.com\/fr\/","logo":{"@type":"ImageObject","inLanguage":"fr-FR","@id":"https:\/\/grandhotelnormandy.com\/fr\/#\/schema\/logo\/image\/","url":"https:\/\/grandhotelnormandy.com\/wp-content\/uploads\/2024\/02\/GHNormandy.png","contentUrl":"https:\/\/grandhotelnormandy.com\/wp-content\/uploads\/2024\/02\/GHNormandy.png","width":778,"height":653,"caption":"Grand Hotel Normandy 4 stars Hotel"},"image":{"@id":"https:\/\/grandhotelnormandy.com\/fr\/#\/schema\/logo\/image\/"},"sameAs":["https:\/\/www.facebook.com\/grandhotelnormandy"]}]}},"_links":{"self":[{"href":"https:\/\/grandhotelnormandy.com\/fr\/wp-json\/wp\/v2\/pages\/17525","targetHints":{"allow":["GET"]}}],"collection":[{"href":"https:\/\/grandhotelnormandy.com\/fr\/wp-json\/wp\/v2\/pages"}],"about":[{"href":"https:\/\/grandhotelnormandy.com\/fr\/wp-json\/wp\/v2\/types\/page"}],"author":[{"embeddable":true,"href":"https:\/\/grandhotelnormandy.com\/fr\/wp-json\/wp\/v2\/users\/2"}],"replies":[{"embeddable":true,"href":"https:\/\/grandhotelnormandy.com\/fr\/wp-json\/wp\/v2\/comments?post=17525"}],"version-history":[{"count":25,"href":"https:\/\/grandhotelnormandy.com\/fr\/wp-json\/wp\/v2\/pages\/17525\/revisions"}],"predecessor-version":[{"id":18934,"href":"https:\/\/grandhotelnormandy.com\/fr\/wp-json\/wp\/v2\/pages\/17525\/revisions\/18934"}],"wp:attachment":[{"href":"https:\/\/grandhotelnormandy.com\/fr\/wp-json\/wp\/v2\/media?parent=17525"}],"curies":[{"name":"wp","href":"https:\/\/api.w.org\/{rel}","templated":true}]}}