{"id":17133,"date":"2020-12-01T15:43:46","date_gmt":"2020-12-01T14:43:46","guid":{"rendered":"https:\/\/grandhotelnormandy.com\/contactez-nous\/"},"modified":"2024-10-03T16:42:42","modified_gmt":"2024-10-03T14:42:42","slug":"contactez-nous","status":"publish","type":"page","link":"https:\/\/grandhotelnormandy.com\/fr\/contactez-nous\/","title":{"rendered":"Contactez nous"},"content":{"rendered":"\t\t<div data-elementor-type=\"wp-page\" data-elementor-id=\"17133\" class=\"elementor elementor-17133 elementor-3477\">\n\t\t\t\t<div class=\"elementor-element elementor-element-11b9fc4 e-flex e-con-boxed e-con e-parent\" data-id=\"11b9fc4\" data-element_type=\"container\" data-e-type=\"container\" data-settings=\"{&quot;background_background&quot;:&quot;classic&quot;}\">\n\t\t\t\t\t<div class=\"e-con-inner\">\n\t\t<div class=\"elementor-element elementor-element-e06d7a9 e-con-full e-flex e-con e-child\" data-id=\"e06d7a9\" data-element_type=\"container\" data-e-type=\"container\">\n\t\t\t\t<div class=\"elementor-element elementor-element-b7ef408 elementor-widget__width-initial elementor-widget elementor-widget-augustine_core_section_title\" data-id=\"b7ef408\" data-element_type=\"widget\" data-e-type=\"widget\" data-widget_type=\"augustine_core_section_title.default\">\n\t\t\t\t<div class=\"elementor-widget-container\">\n\t\t\t\t\t<div class=\"qodef-shortcode qodef-m  qodef-section-title qodef-alignment--left qodef-title-break--disabled    \">\n\t\t\t\t<h3 class=\"qodef-m-title\" >\n\t\t\t\t\tD\u00e9couvrez comment nous pouvons<br \/> rendre votre s\u00e9jour inoubliable\t\t\t<\/h3>\n\t\t<\/div>\t\t\t\t<\/div>\n\t\t\t\t<\/div>\n\t\t\t\t<\/div>\n\t\t\t\t\t<\/div>\n\t\t\t\t<\/div>\n\t\t\t\t<section class=\"elementor-section elementor-top-section elementor-element elementor-element-6e51a79e qodef-elementor-content-grid qodef-extended-grid qodef-extended-grid--right qodef-green-white-hover elementor-section-boxed elementor-section-height-default elementor-section-height-default\" data-id=\"6e51a79e\" data-element_type=\"section\" data-e-type=\"section\" data-settings=\"{&quot;background_background&quot;:&quot;classic&quot;}\">\n\t\t\t\t\t\t<div class=\"elementor-container elementor-column-gap-default\">\n\t\t\t\t\t<div class=\"elementor-column elementor-col-50 elementor-top-column elementor-element elementor-element-2936e20e\" data-id=\"2936e20e\" data-element_type=\"column\" data-e-type=\"column\">\n\t\t\t<div class=\"elementor-widget-wrap elementor-element-populated\">\n\t\t\t\t\t\t<div class=\"elementor-element elementor-element-59ffcda elementor-widget__width-initial elementor-widget-tablet__width-initial elementor-widget elementor-widget-text-editor\" data-id=\"59ffcda\" data-element_type=\"widget\" data-e-type=\"widget\" data-widget_type=\"text-editor.default\">\n\t\t\t\t<div class=\"elementor-widget-container\">\n\t\t\t\t\t\t\t\t\t<p>Avez-vous des questions ? Vous souhaitez recevoir plus d&rsquo;informations ? Remplissez ce formulaire de contact et nous vous enverrons un courriel dans les plus brefs d\u00e9lais.<\/p>\n\t\t\t\t\t\t\t\t<\/div>\n\t\t\t\t<\/div>\n\t\t\t\t<section class=\"elementor-section elementor-inner-section elementor-element elementor-element-54f52b3 elementor-section-boxed elementor-section-height-default elementor-section-height-default qodef-elementor-content-no\" data-id=\"54f52b3\" data-element_type=\"section\" data-e-type=\"section\">\n\t\t\t\t\t\t<div class=\"elementor-container elementor-column-gap-default\">\n\t\t\t\t\t<div class=\"elementor-column elementor-col-100 elementor-inner-column elementor-element elementor-element-40d97f8\" data-id=\"40d97f8\" data-element_type=\"column\" data-e-type=\"column\">\n\t\t\t<div class=\"elementor-widget-wrap elementor-element-populated\">\n\t\t\t\t\t\t<div class=\"elementor-element elementor-element-53d1828 elementor-widget__width-initial elementor-widget elementor-widget-augustine_core_icon_with_text\" data-id=\"53d1828\" data-element_type=\"widget\" data-e-type=\"widget\" data-widget_type=\"augustine_core_icon_with_text.default\">\n\t\t\t\t<div class=\"elementor-widget-container\">\n\t\t\t\t\t<div class=\"qodef-shortcode qodef-m  qodef-icon-with-text qodef-layout--before-content qodef--icon-pack \">\n\t<div class=\"qodef-m-icon-wrapper\">\n\t\t<span class=\"qodef-shortcode qodef-m  qodef-icon-holder qodef-size--small qodef-layout--normal\"  >\t        <span class=\"qodef-icon-elegant-icons icon_pin_alt qodef-icon qodef-e\" style=\"\" ><\/span>    <\/span>\t<\/div>\n\t<div class=\"qodef-m-content\">\n\t\t\t\t\t<\/div>\n<\/div>\t\t\t\t<\/div>\n\t\t\t\t<\/div>\n\t\t\t\t<div class=\"elementor-element elementor-element-870f232 elementor-widget__width-initial elementor-widget elementor-widget-text-editor\" data-id=\"870f232\" data-element_type=\"widget\" data-e-type=\"widget\" data-widget_type=\"text-editor.default\">\n\t\t\t\t<div class=\"elementor-widget-container\">\n\t\t\t\t\t\t\t\t\t<p><span class=\"C9DxTc \">Hoefijzerlaan 37<\/span><span class=\"C9DxTc \"><br \/><\/span><span class=\"C9DxTc \">8000 Brugge<\/span><span class=\"C9DxTc \">, Belgie<\/span><\/p>\n\t\t\t\t\t\t\t\t<\/div>\n\t\t\t\t<\/div>\n\t\t\t\t\t<\/div>\n\t\t<\/div>\n\t\t\t\t\t<\/div>\n\t\t<\/section>\n\t\t\t\t<section class=\"elementor-section elementor-inner-section elementor-element elementor-element-1898b55 elementor-section-boxed elementor-section-height-default elementor-section-height-default qodef-elementor-content-no\" data-id=\"1898b55\" data-element_type=\"section\" data-e-type=\"section\">\n\t\t\t\t\t\t<div class=\"elementor-container elementor-column-gap-default\">\n\t\t\t\t\t<div class=\"elementor-column elementor-col-100 elementor-inner-column elementor-element elementor-element-55bcd27\" data-id=\"55bcd27\" data-element_type=\"column\" data-e-type=\"column\">\n\t\t\t<div class=\"elementor-widget-wrap elementor-element-populated\">\n\t\t\t\t\t\t<div class=\"elementor-element elementor-element-4605f21 elementor-widget__width-initial elementor-widget elementor-widget-augustine_core_icon_with_text\" data-id=\"4605f21\" data-element_type=\"widget\" data-e-type=\"widget\" data-widget_type=\"augustine_core_icon_with_text.default\">\n\t\t\t\t<div class=\"elementor-widget-container\">\n\t\t\t\t\t<div class=\"qodef-shortcode qodef-m  qodef-icon-with-text qodef-layout--before-content qodef--icon-pack \">\n\t<div class=\"qodef-m-icon-wrapper\">\n\t\t<span class=\"qodef-shortcode qodef-m  qodef-icon-holder qodef-size--small qodef-layout--normal\"  >\t        <span class=\"qodef-icon-elegant-icons icon_phone qodef-icon qodef-e\" style=\"\" ><\/span>    <\/span>\t<\/div>\n\t<div class=\"qodef-m-content\">\n\t\t\t\t\t<\/div>\n<\/div>\t\t\t\t<\/div>\n\t\t\t\t<\/div>\n\t\t\t\t<div class=\"elementor-element elementor-element-ddea119 elementor-widget__width-initial elementor-widget elementor-widget-text-editor\" data-id=\"ddea119\" data-element_type=\"widget\" data-e-type=\"widget\" data-widget_type=\"text-editor.default\">\n\t\t\t\t<div class=\"elementor-widget-container\">\n\t\t\t\t\t\t\t\t\t<p>+32 (0)50 34 14 48<\/p>\n\t\t\t\t\t\t\t\t<\/div>\n\t\t\t\t<\/div>\n\t\t\t\t\t<\/div>\n\t\t<\/div>\n\t\t\t\t\t<\/div>\n\t\t<\/section>\n\t\t\t\t<section class=\"elementor-section elementor-inner-section elementor-element elementor-element-6774812 elementor-section-boxed elementor-section-height-default elementor-section-height-default qodef-elementor-content-no\" data-id=\"6774812\" data-element_type=\"section\" data-e-type=\"section\">\n\t\t\t\t\t\t<div class=\"elementor-container elementor-column-gap-default\">\n\t\t\t\t\t<div class=\"elementor-column elementor-col-100 elementor-inner-column elementor-element elementor-element-49219c0\" data-id=\"49219c0\" data-element_type=\"column\" data-e-type=\"column\">\n\t\t\t<div class=\"elementor-widget-wrap elementor-element-populated\">\n\t\t\t\t\t\t<div class=\"elementor-element elementor-element-aa2c2d0 elementor-widget__width-initial elementor-widget elementor-widget-augustine_core_icon_with_text\" data-id=\"aa2c2d0\" data-element_type=\"widget\" data-e-type=\"widget\" data-widget_type=\"augustine_core_icon_with_text.default\">\n\t\t\t\t<div class=\"elementor-widget-container\">\n\t\t\t\t\t<div class=\"qodef-shortcode qodef-m  qodef-icon-with-text qodef-layout--before-content qodef--icon-pack \">\n\t<div class=\"qodef-m-icon-wrapper\">\n\t\t<span class=\"qodef-shortcode qodef-m  qodef-icon-holder qodef-size--small qodef-layout--normal\"  >\t        <span class=\"qodef-icon-elegant-icons icon_mail_alt qodef-icon qodef-e\" style=\"\" ><\/span>    <\/span>\t<\/div>\n\t<div class=\"qodef-m-content\">\n\t\t\t\t\t<\/div>\n<\/div>\t\t\t\t<\/div>\n\t\t\t\t<\/div>\n\t\t\t\t<div class=\"elementor-element elementor-element-1bc0c7f elementor-widget__width-initial elementor-widget elementor-widget-text-editor\" data-id=\"1bc0c7f\" data-element_type=\"widget\" data-e-type=\"widget\" data-widget_type=\"text-editor.default\">\n\t\t\t\t<div class=\"elementor-widget-container\">\n\t\t\t\t\t\t\t\t\t<p><span class=\"C9DxTc \">stay@grandhotelnormandy.com<\/span><\/p>\n\t\t\t\t\t\t\t\t<\/div>\n\t\t\t\t<\/div>\n\t\t\t\t\t<\/div>\n\t\t<\/div>\n\t\t\t\t\t<\/div>\n\t\t<\/section>\n\t\t\t\t\t<\/div>\n\t\t<\/div>\n\t\t\t\t<div class=\"elementor-column elementor-col-50 elementor-top-column elementor-element elementor-element-6175c09c\" data-id=\"6175c09c\" data-element_type=\"column\" data-e-type=\"column\">\n\t\t\t<div class=\"elementor-widget-wrap elementor-element-populated\">\n\t\t\t\t\t\t<div class=\"elementor-element elementor-element-8368965 elementor-widget elementor-widget-augustine_core_section_title\" data-id=\"8368965\" data-element_type=\"widget\" data-e-type=\"widget\" data-widget_type=\"augustine_core_section_title.default\">\n\t\t\t\t<div class=\"elementor-widget-container\">\n\t\t\t\t\t<div class=\"qodef-shortcode qodef-m  qodef-section-title qodef-alignment--left    qodef-separator-appear \">\n\t\t\t\t<h5 class=\"qodef-m-title\" style=\"margin-top: -5px\">\n\t\t\t\t\tEnvoyez-nous votre question :\t\t\t<\/h5>\n\t\t<\/div>\t\t\t\t<\/div>\n\t\t\t\t<\/div>\n\t\t\t\t<div class=\"elementor-element elementor-element-7faac5c elementor-widget elementor-widget-qi_addons_for_elementor_contact_form_7\" data-id=\"7faac5c\" data-element_type=\"widget\" data-e-type=\"widget\" data-widget_type=\"qi_addons_for_elementor_contact_form_7.default\">\n\t\t\t\t<div class=\"elementor-widget-container\">\n\t\t\t\t\t<div class=\"qodef-shortcode qodef-m qodef-qi-contact-form-7\">\n\t\n<div class=\"wpcf7 no-js\" id=\"wpcf7-f17523-o1\" lang=\"fr-FR\" dir=\"ltr\" data-wpcf7-id=\"17523\">\n<div class=\"screen-reader-response\"><p role=\"status\" aria-live=\"polite\" aria-atomic=\"true\"><\/p> <ul><\/ul><\/div>\n<form action=\"\/fr\/wp-json\/wp\/v2\/pages\/17133#wpcf7-f17523-o1\" method=\"post\" class=\"wpcf7-form init\" aria-label=\"Formulaire de contact\" novalidate=\"novalidate\" data-status=\"init\">\n<fieldset class=\"hidden-fields-container\"><input type=\"hidden\" name=\"_wpcf7\" value=\"17523\" \/><input type=\"hidden\" name=\"_wpcf7_version\" value=\"6.1.5\" \/><input type=\"hidden\" name=\"_wpcf7_locale\" value=\"fr_FR\" \/><input type=\"hidden\" name=\"_wpcf7_unit_tag\" value=\"wpcf7-f17523-o1\" \/><input type=\"hidden\" name=\"_wpcf7_container_post\" value=\"0\" \/><input type=\"hidden\" name=\"_wpcf7_posted_data_hash\" value=\"\" \/><input type=\"hidden\" name=\"_wpcf7_recaptcha_response\" value=\"\" \/>\n<\/fieldset>\n<div class=\"qodef-grid qodef-layout--template qodef-cf-contact-us\">\n<div class=\"qodef-grid-inner\">\n<div class=\"qodef-grid-item qodef-col--12\">\n<span class=\"wpcf7-form-control-wrap\" data-name=\"your-message\"><textarea cols=\"40\" rows=\"10\" maxlength=\"2000\" class=\"wpcf7-form-control wpcf7-textarea\" aria-invalid=\"false\" placeholder=\"Message...\" name=\"your-message\"><\/textarea><\/span>\n<\/div>\n<div class=\"qodef-grid-item qodef-col--12\">\n<span class=\"wpcf7-form-control-wrap\" data-name=\"your-name\"><input size=\"40\" maxlength=\"400\" class=\"wpcf7-form-control wpcf7-text wpcf7-validates-as-required\" aria-required=\"true\" aria-invalid=\"false\" placeholder=\"Votre nom...\" value=\"\" type=\"text\" name=\"your-name\" \/><\/span>\n<\/div>\n<div class=\"qodef-grid-item qodef-col--12\">\n<span class=\"wpcf7-form-control-wrap\" data-name=\"your-email\"><input size=\"40\" maxlength=\"400\" class=\"wpcf7-form-control wpcf7-email wpcf7-validates-as-required wpcf7-text wpcf7-validates-as-email\" aria-required=\"true\" aria-invalid=\"false\" placeholder=\"Tapez votre email...\" value=\"\" type=\"email\" name=\"your-email\" \/><\/span>\n<\/div>\n<div class=\"qodef-grid-item qodef-col--12\">\n<span class=\"wpcf7-form-control-wrap\" data-name=\"checkbox-388\"><span class=\"wpcf7-form-control wpcf7-checkbox wpcf7-validates-as-required\"><span class=\"wpcf7-list-item first last\"><input type=\"checkbox\" name=\"checkbox-388[]\" value=\"J&#039;accepte les conditions g\u00e9n\u00e9rales\" \/><span class=\"wpcf7-list-item-label\">J&#039;accepte les conditions g\u00e9n\u00e9rales<\/span><\/span><\/span><\/span>\n<\/div>\n<div class=\"qodef-grid-item qodef-col--12\" style=\"font-size: small;\">\nCe site est prot\u00e9g\u00e9 par reCAPTCHA et la technologie Google\n    <a href=\"https:\/\/policies.google.com\/privacy\">Politique de confidentialit\u00e9<\/a> et\n    Les <a href=\"https:\/\/policies.google.com\/terms\">conditions d'utilisation<\/a> s'appliquent.\n<\/div>\n\n<div class=\"qodef-grid-item qodef-col--12\" style=\"text-align: left;\">\n<button class=\"wpcf7-form-control wpcf7-submit qodef-layout--outlined qodef-margin-18 qodef-button qodef-size--normal qodef-type--outlined qodef-m\" type=\"submit\"><span class=\"qodef-m-text\">Soumettre<\/span><\/button>\n<\/div>\n<\/div>\n<\/div><input type='hidden' class='wpcf7-pum' value='{\"closepopup\":false,\"closedelay\":0,\"openpopup\":false,\"openpopup_id\":0}' \/><div class=\"wpcf7-response-output\" aria-hidden=\"true\"><\/div>\n<\/form>\n<\/div>\n<\/div>\n\t\t\t\t<\/div>\n\t\t\t\t<\/div>\n\t\t\t\t\t<\/div>\n\t\t<\/div>\n\t\t\t\t\t<\/div>\n\t\t<\/section>\n\t\t<div class=\"elementor-element elementor-element-7bbf4c6 e-flex e-con-boxed e-con e-parent\" data-id=\"7bbf4c6\" data-element_type=\"container\" data-e-type=\"container\">\n\t\t\t\t\t<div class=\"e-con-inner\">\n\t\t\t\t<div class=\"elementor-element elementor-element-600e099 elementor-widget elementor-widget-image\" data-id=\"600e099\" data-element_type=\"widget\" data-e-type=\"widget\" data-widget_type=\"image.default\">\n\t\t\t\t<div class=\"elementor-widget-container\">\n\t\t\t\t\t\t\t\t\t\t\t\t\t\t\t<img fetchpriority=\"high\" decoding=\"async\" width=\"950\" height=\"848\" src=\"https:\/\/grandhotelnormandy.com\/wp-content\/uploads\/2024\/10\/GrandHotelNormandyTopMap.webp\" class=\"attachment-large size-large wp-image-18530\" alt=\"GrandHotelNormandyTopMap\" srcset=\"https:\/\/grandhotelnormandy.com\/wp-content\/uploads\/2024\/10\/GrandHotelNormandyTopMap.webp 950w, https:\/\/grandhotelnormandy.com\/wp-content\/uploads\/2024\/10\/GrandHotelNormandyTopMap-300x268.webp 300w, https:\/\/grandhotelnormandy.com\/wp-content\/uploads\/2024\/10\/GrandHotelNormandyTopMap-768x686.webp 768w\" sizes=\"(max-width: 950px) 100vw, 950px\" \/>\t\t\t\t\t\t\t\t\t\t\t\t\t\t\t<\/div>\n\t\t\t\t<\/div>\n\t\t\t\t\t<\/div>\n\t\t\t\t<\/div>\n\t\t\t\t<\/div>\n\t\t","protected":false},"excerpt":{"rendered":"<p>D\u00e9couvrez comment nous pouvons rendre votre s\u00e9jour inoubliable Avez-vous des questions ? Vous souhaitez recevoir plus d&rsquo;informations ? Remplissez ce formulaire de contact et nous vous enverrons un courriel dans les plus brefs d\u00e9lais. Hoefijzerlaan 378000 Brugge, Belgie +32 (0)50 34 14 48 stay@grandhotelnormandy.com Envoyez-nous votre question : I agree to the terms &amp; conditions [&hellip;]<\/p>\n","protected":false},"author":2,"featured_media":0,"parent":0,"menu_order":0,"comment_status":"closed","ping_status":"closed","template":"page-full-width.php","meta":{"footnotes":""},"class_list":["post-17133","page","type-page","status-publish","hentry"],"yoast_head":"<!-- This site is optimized with the Yoast SEO plugin v27.3 - https:\/\/yoast.com\/product\/yoast-seo-wordpress\/ -->\n<title>Contactez nous - Grand Hotel Normandy | H\u00f4tel de luxe pr\u00e8s du centre-ville<\/title>\n<meta name=\"description\" content=\"Contactez le Grand H\u00f4tel Normandy \u00e0 Bruges. Trouvez nos coordonn\u00e9es, notre emplacement et nos moyens de nous contacter pour toute question ou r\u00e9servation.\" \/>\n<meta name=\"robots\" content=\"index, follow, max-snippet:-1, max-image-preview:large, max-video-preview:-1\" \/>\n<link rel=\"canonical\" href=\"https:\/\/grandhotelnormandy.com\/fr\/contactez-nous\/\" \/>\n<meta property=\"og:locale\" content=\"fr_FR\" \/>\n<meta property=\"og:type\" content=\"article\" \/>\n<meta property=\"og:title\" content=\"Contactez nous - Grand Hotel Normandy | H\u00f4tel de luxe pr\u00e8s du centre-ville\" \/>\n<meta property=\"og:description\" content=\"Contactez le Grand H\u00f4tel Normandy \u00e0 Bruges. Trouvez nos coordonn\u00e9es, notre emplacement et nos moyens de nous contacter pour toute question ou r\u00e9servation.\" \/>\n<meta property=\"og:url\" content=\"https:\/\/grandhotelnormandy.com\/fr\/contactez-nous\/\" \/>\n<meta property=\"og:site_name\" content=\"Grand Hotel Normandy\" \/>\n<meta property=\"article:publisher\" content=\"https:\/\/www.facebook.com\/grandhotelnormandy\" \/>\n<meta property=\"article:modified_time\" content=\"2024-10-03T14:42:42+00:00\" \/>\n<meta property=\"og:image\" content=\"https:\/\/grandhotelnormandy.com\/wp-content\/uploads\/2024\/10\/GrandHotelNormandyTopMap.webp\" \/>\n<meta name=\"twitter:card\" content=\"summary_large_image\" \/>\n<script type=\"application\/ld+json\" class=\"yoast-schema-graph\">{\"@context\":\"https:\\\/\\\/schema.org\",\"@graph\":[{\"@type\":\"WebPage\",\"@id\":\"https:\\\/\\\/grandhotelnormandy.com\\\/fr\\\/contactez-nous\\\/\",\"url\":\"https:\\\/\\\/grandhotelnormandy.com\\\/fr\\\/contactez-nous\\\/\",\"name\":\"Contactez nous - Grand Hotel Normandy | H\u00f4tel de luxe pr\u00e8s du centre-ville\",\"isPartOf\":{\"@id\":\"https:\\\/\\\/grandhotelnormandy.com\\\/fr\\\/#website\"},\"primaryImageOfPage\":{\"@id\":\"https:\\\/\\\/grandhotelnormandy.com\\\/fr\\\/contactez-nous\\\/#primaryimage\"},\"image\":{\"@id\":\"https:\\\/\\\/grandhotelnormandy.com\\\/fr\\\/contactez-nous\\\/#primaryimage\"},\"thumbnailUrl\":\"https:\\\/\\\/grandhotelnormandy.com\\\/wp-content\\\/uploads\\\/2024\\\/10\\\/GrandHotelNormandyTopMap.webp\",\"datePublished\":\"2020-12-01T14:43:46+00:00\",\"dateModified\":\"2024-10-03T14:42:42+00:00\",\"description\":\"Contactez le Grand H\u00f4tel Normandy \u00e0 Bruges. Trouvez nos coordonn\u00e9es, notre emplacement et nos moyens de nous contacter pour toute question ou r\u00e9servation.\",\"breadcrumb\":{\"@id\":\"https:\\\/\\\/grandhotelnormandy.com\\\/fr\\\/contactez-nous\\\/#breadcrumb\"},\"inLanguage\":\"fr-FR\",\"potentialAction\":[{\"@type\":\"ReadAction\",\"target\":[\"https:\\\/\\\/grandhotelnormandy.com\\\/fr\\\/contactez-nous\\\/\"]}]},{\"@type\":\"ImageObject\",\"inLanguage\":\"fr-FR\",\"@id\":\"https:\\\/\\\/grandhotelnormandy.com\\\/fr\\\/contactez-nous\\\/#primaryimage\",\"url\":\"https:\\\/\\\/grandhotelnormandy.com\\\/wp-content\\\/uploads\\\/2024\\\/10\\\/GrandHotelNormandyTopMap.webp\",\"contentUrl\":\"https:\\\/\\\/grandhotelnormandy.com\\\/wp-content\\\/uploads\\\/2024\\\/10\\\/GrandHotelNormandyTopMap.webp\"},{\"@type\":\"BreadcrumbList\",\"@id\":\"https:\\\/\\\/grandhotelnormandy.com\\\/fr\\\/contactez-nous\\\/#breadcrumb\",\"itemListElement\":[{\"@type\":\"ListItem\",\"position\":1,\"name\":\"Home\",\"item\":\"https:\\\/\\\/grandhotelnormandy.com\\\/fr\\\/accueil\\\/\"},{\"@type\":\"ListItem\",\"position\":2,\"name\":\"Contactez nous\"}]},{\"@type\":\"WebSite\",\"@id\":\"https:\\\/\\\/grandhotelnormandy.com\\\/fr\\\/#website\",\"url\":\"https:\\\/\\\/grandhotelnormandy.com\\\/fr\\\/\",\"name\":\"Grand Hotel Normandy Bruges\",\"description\":\"CW Hotel Collection - Best Hotels In Bruges\",\"publisher\":{\"@id\":\"https:\\\/\\\/grandhotelnormandy.com\\\/fr\\\/#organization\"},\"potentialAction\":[{\"@type\":\"SearchAction\",\"target\":{\"@type\":\"EntryPoint\",\"urlTemplate\":\"https:\\\/\\\/grandhotelnormandy.com\\\/fr\\\/?s={search_term_string}\"},\"query-input\":{\"@type\":\"PropertyValueSpecification\",\"valueRequired\":true,\"valueName\":\"search_term_string\"}}],\"inLanguage\":\"fr-FR\"},{\"@type\":\"Organization\",\"@id\":\"https:\\\/\\\/grandhotelnormandy.com\\\/fr\\\/#organization\",\"name\":\"Grand Hotel Normandy 4 stars Hotel\",\"url\":\"https:\\\/\\\/grandhotelnormandy.com\\\/fr\\\/\",\"logo\":{\"@type\":\"ImageObject\",\"inLanguage\":\"fr-FR\",\"@id\":\"https:\\\/\\\/grandhotelnormandy.com\\\/fr\\\/#\\\/schema\\\/logo\\\/image\\\/\",\"url\":\"https:\\\/\\\/grandhotelnormandy.com\\\/wp-content\\\/uploads\\\/2024\\\/02\\\/GHNormandy.png\",\"contentUrl\":\"https:\\\/\\\/grandhotelnormandy.com\\\/wp-content\\\/uploads\\\/2024\\\/02\\\/GHNormandy.png\",\"width\":778,\"height\":653,\"caption\":\"Grand Hotel Normandy 4 stars Hotel\"},\"image\":{\"@id\":\"https:\\\/\\\/grandhotelnormandy.com\\\/fr\\\/#\\\/schema\\\/logo\\\/image\\\/\"},\"sameAs\":[\"https:\\\/\\\/www.facebook.com\\\/grandhotelnormandy\"]}]}<\/script>\n<!-- \/ Yoast SEO plugin. -->","yoast_head_json":{"title":"Contactez nous - Grand Hotel Normandy | H\u00f4tel de luxe pr\u00e8s du centre-ville","description":"Contactez le Grand H\u00f4tel Normandy \u00e0 Bruges. Trouvez nos coordonn\u00e9es, notre emplacement et nos moyens de nous contacter pour toute question ou r\u00e9servation.","robots":{"index":"index","follow":"follow","max-snippet":"max-snippet:-1","max-image-preview":"max-image-preview:large","max-video-preview":"max-video-preview:-1"},"canonical":"https:\/\/grandhotelnormandy.com\/fr\/contactez-nous\/","og_locale":"fr_FR","og_type":"article","og_title":"Contactez nous - Grand Hotel Normandy | H\u00f4tel de luxe pr\u00e8s du centre-ville","og_description":"Contactez le Grand H\u00f4tel Normandy \u00e0 Bruges. Trouvez nos coordonn\u00e9es, notre emplacement et nos moyens de nous contacter pour toute question ou r\u00e9servation.","og_url":"https:\/\/grandhotelnormandy.com\/fr\/contactez-nous\/","og_site_name":"Grand Hotel Normandy","article_publisher":"https:\/\/www.facebook.com\/grandhotelnormandy","article_modified_time":"2024-10-03T14:42:42+00:00","og_image":[{"url":"https:\/\/grandhotelnormandy.com\/wp-content\/uploads\/2024\/10\/GrandHotelNormandyTopMap.webp","type":"","width":"","height":""}],"twitter_card":"summary_large_image","schema":{"@context":"https:\/\/schema.org","@graph":[{"@type":"WebPage","@id":"https:\/\/grandhotelnormandy.com\/fr\/contactez-nous\/","url":"https:\/\/grandhotelnormandy.com\/fr\/contactez-nous\/","name":"Contactez nous - Grand Hotel Normandy | H\u00f4tel de luxe pr\u00e8s du centre-ville","isPartOf":{"@id":"https:\/\/grandhotelnormandy.com\/fr\/#website"},"primaryImageOfPage":{"@id":"https:\/\/grandhotelnormandy.com\/fr\/contactez-nous\/#primaryimage"},"image":{"@id":"https:\/\/grandhotelnormandy.com\/fr\/contactez-nous\/#primaryimage"},"thumbnailUrl":"https:\/\/grandhotelnormandy.com\/wp-content\/uploads\/2024\/10\/GrandHotelNormandyTopMap.webp","datePublished":"2020-12-01T14:43:46+00:00","dateModified":"2024-10-03T14:42:42+00:00","description":"Contactez le Grand H\u00f4tel Normandy \u00e0 Bruges. Trouvez nos coordonn\u00e9es, notre emplacement et nos moyens de nous contacter pour toute question ou r\u00e9servation.","breadcrumb":{"@id":"https:\/\/grandhotelnormandy.com\/fr\/contactez-nous\/#breadcrumb"},"inLanguage":"fr-FR","potentialAction":[{"@type":"ReadAction","target":["https:\/\/grandhotelnormandy.com\/fr\/contactez-nous\/"]}]},{"@type":"ImageObject","inLanguage":"fr-FR","@id":"https:\/\/grandhotelnormandy.com\/fr\/contactez-nous\/#primaryimage","url":"https:\/\/grandhotelnormandy.com\/wp-content\/uploads\/2024\/10\/GrandHotelNormandyTopMap.webp","contentUrl":"https:\/\/grandhotelnormandy.com\/wp-content\/uploads\/2024\/10\/GrandHotelNormandyTopMap.webp"},{"@type":"BreadcrumbList","@id":"https:\/\/grandhotelnormandy.com\/fr\/contactez-nous\/#breadcrumb","itemListElement":[{"@type":"ListItem","position":1,"name":"Home","item":"https:\/\/grandhotelnormandy.com\/fr\/accueil\/"},{"@type":"ListItem","position":2,"name":"Contactez nous"}]},{"@type":"WebSite","@id":"https:\/\/grandhotelnormandy.com\/fr\/#website","url":"https:\/\/grandhotelnormandy.com\/fr\/","name":"Grand Hotel Normandy Bruges","description":"CW Hotel Collection - Best Hotels In Bruges","publisher":{"@id":"https:\/\/grandhotelnormandy.com\/fr\/#organization"},"potentialAction":[{"@type":"SearchAction","target":{"@type":"EntryPoint","urlTemplate":"https:\/\/grandhotelnormandy.com\/fr\/?s={search_term_string}"},"query-input":{"@type":"PropertyValueSpecification","valueRequired":true,"valueName":"search_term_string"}}],"inLanguage":"fr-FR"},{"@type":"Organization","@id":"https:\/\/grandhotelnormandy.com\/fr\/#organization","name":"Grand Hotel Normandy 4 stars Hotel","url":"https:\/\/grandhotelnormandy.com\/fr\/","logo":{"@type":"ImageObject","inLanguage":"fr-FR","@id":"https:\/\/grandhotelnormandy.com\/fr\/#\/schema\/logo\/image\/","url":"https:\/\/grandhotelnormandy.com\/wp-content\/uploads\/2024\/02\/GHNormandy.png","contentUrl":"https:\/\/grandhotelnormandy.com\/wp-content\/uploads\/2024\/02\/GHNormandy.png","width":778,"height":653,"caption":"Grand Hotel Normandy 4 stars Hotel"},"image":{"@id":"https:\/\/grandhotelnormandy.com\/fr\/#\/schema\/logo\/image\/"},"sameAs":["https:\/\/www.facebook.com\/grandhotelnormandy"]}]}},"_links":{"self":[{"href":"https:\/\/grandhotelnormandy.com\/fr\/wp-json\/wp\/v2\/pages\/17133","targetHints":{"allow":["GET"]}}],"collection":[{"href":"https:\/\/grandhotelnormandy.com\/fr\/wp-json\/wp\/v2\/pages"}],"about":[{"href":"https:\/\/grandhotelnormandy.com\/fr\/wp-json\/wp\/v2\/types\/page"}],"author":[{"embeddable":true,"href":"https:\/\/grandhotelnormandy.com\/fr\/wp-json\/wp\/v2\/users\/2"}],"replies":[{"embeddable":true,"href":"https:\/\/grandhotelnormandy.com\/fr\/wp-json\/wp\/v2\/comments?post=17133"}],"version-history":[{"count":9,"href":"https:\/\/grandhotelnormandy.com\/fr\/wp-json\/wp\/v2\/pages\/17133\/revisions"}],"predecessor-version":[{"id":18551,"href":"https:\/\/grandhotelnormandy.com\/fr\/wp-json\/wp\/v2\/pages\/17133\/revisions\/18551"}],"wp:attachment":[{"href":"https:\/\/grandhotelnormandy.com\/fr\/wp-json\/wp\/v2\/media?parent=17133"}],"curies":[{"name":"wp","href":"https:\/\/api.w.org\/{rel}","templated":true}]}}