{"id":17078,"date":"2024-02-10T21:09:48","date_gmt":"2024-02-10T20:09:48","guid":{"rendered":"https:\/\/grandhotelnormandy.com\/nos-avantages\/"},"modified":"2026-04-03T15:36:04","modified_gmt":"2026-04-03T13:36:04","slug":"nos-avantages","status":"publish","type":"page","link":"https:\/\/grandhotelnormandy.com\/fr\/nos-avantages\/","title":{"rendered":"Nos avantages"},"content":{"rendered":"\t\t<div data-elementor-type=\"wp-page\" data-elementor-id=\"17078\" class=\"elementor elementor-17078 elementor-11273\">\n\t\t\t\t\t\t<section class=\"elementor-section elementor-top-section elementor-element elementor-element-16ff598c elementor-section-full_width elementor-section-height-default elementor-section-height-default qodef-elementor-content-no\" data-id=\"16ff598c\" data-element_type=\"section\" data-e-type=\"section\">\n\t\t\t\t\t\t<div class=\"elementor-container elementor-column-gap-default\">\n\t\t\t\t\t<div class=\"elementor-column elementor-col-100 elementor-top-column elementor-element elementor-element-790400d4\" data-id=\"790400d4\" data-element_type=\"column\" data-e-type=\"column\">\n\t\t\t<div class=\"elementor-widget-wrap elementor-element-populated\">\n\t\t\t\t\t\t<div class=\"elementor-element elementor-element-74446db elementor-widget elementor-widget-augustine_core_section_title\" data-id=\"74446db\" data-element_type=\"widget\" data-e-type=\"widget\" data-widget_type=\"augustine_core_section_title.default\">\n\t\t\t\t<div class=\"elementor-widget-container\">\n\t\t\t\t\t<div class=\"qodef-shortcode qodef-m  qodef-section-title qodef-alignment--center     \">\n\t\t<span class=\"qodef-m-separator\" ><\/span>\n\t\t\t<h3 class=\"qodef-m-title\" >\n\t\t\t\t\tPlongez dans la d\u00e9tente pure...\t\t\t<\/h3>\n\t\t<\/div>\t\t\t\t<\/div>\n\t\t\t\t<\/div>\n\t\t\t\t\t<\/div>\n\t\t<\/div>\n\t\t\t\t\t<\/div>\n\t\t<\/section>\n\t\t<div class=\"elementor-element elementor-element-5ab9dab e-flex e-con-boxed e-con e-parent\" data-id=\"5ab9dab\" data-element_type=\"container\" data-e-type=\"container\">\n\t\t\t\t\t<div class=\"e-con-inner\">\n\t\t<div class=\"elementor-element elementor-element-f665e85 e-con-full e-flex e-con e-child\" data-id=\"f665e85\" data-element_type=\"container\" data-e-type=\"container\">\n\t\t\t\t<div class=\"elementor-element elementor-element-7f005ba elementor-widget__width-initial elementor-widget-tablet__width-inherit elementor-widget elementor-widget-text-editor\" data-id=\"7f005ba\" data-element_type=\"widget\" data-e-type=\"widget\" data-widget_type=\"text-editor.default\">\n\t\t\t\t<div class=\"elementor-widget-container\">\n\t\t\t\t\t\t\t\t\t<p style=\"text-align: left;\">Laissez-vous aller au stress dans notre d\u00e9licieuse piscine chauff\u00e9e et oubliez tous vos soucis en vous relaxant sur les confortables chaises longues. L&rsquo;acc\u00e8s \u00e0 la piscine est gratuit pour tous nos h\u00f4tes. <\/p><p style=\"text-align: left;\"> Merveilleux, n&rsquo;est-ce pas ?<\/p>\t\t\t\t\t\t\t\t<\/div>\n\t\t\t\t<\/div>\n\t\t\t\t<\/div>\n\t\t<div class=\"elementor-element elementor-element-9e5df02 e-con-full e-flex e-con e-child\" data-id=\"9e5df02\" data-element_type=\"container\" data-e-type=\"container\">\n\t\t\t\t<div class=\"elementor-element elementor-element-401f9d4 elementor-widget elementor-widget-image\" data-id=\"401f9d4\" data-element_type=\"widget\" data-e-type=\"widget\" data-widget_type=\"image.default\">\n\t\t\t\t<div class=\"elementor-widget-container\">\n\t\t\t\t\t\t\t\t\t\t\t\t\t\t\t<img fetchpriority=\"high\" decoding=\"async\" width=\"1024\" height=\"683\" src=\"https:\/\/grandhotelnormandy.com\/wp-content\/uploads\/2024\/02\/amenities-12.webp\" class=\"attachment-large size-large wp-image-16553\" alt=\"\" srcset=\"https:\/\/grandhotelnormandy.com\/wp-content\/uploads\/2024\/02\/amenities-12.webp 1024w, https:\/\/grandhotelnormandy.com\/wp-content\/uploads\/2024\/02\/amenities-12-300x200.webp 300w, https:\/\/grandhotelnormandy.com\/wp-content\/uploads\/2024\/02\/amenities-12-768x512.webp 768w\" sizes=\"(max-width: 1024px) 100vw, 1024px\" \/>\t\t\t\t\t\t\t\t\t\t\t\t\t\t\t<\/div>\n\t\t\t\t<\/div>\n\t\t\t\t<\/div>\n\t\t\t\t\t<\/div>\n\t\t\t\t<\/div>\n\t\t<div class=\"elementor-element elementor-element-8a9ec27 e-con-full e-flex e-con e-parent\" data-id=\"8a9ec27\" data-element_type=\"container\" data-e-type=\"container\">\n\t\t<div class=\"elementor-element elementor-element-33e8ec4 e-con-full e-flex e-con e-child\" data-id=\"33e8ec4\" data-element_type=\"container\" data-e-type=\"container\">\n\t\t\t\t<div class=\"elementor-element elementor-element-1912df4 elementor-widget elementor-widget-augustine_core_section_title\" data-id=\"1912df4\" data-element_type=\"widget\" data-e-type=\"widget\" data-widget_type=\"augustine_core_section_title.default\">\n\t\t\t\t<div class=\"elementor-widget-container\">\n\t\t\t\t\t<div class=\"qodef-shortcode qodef-m  qodef-section-title qodef-alignment--center     \">\n\t\t<span class=\"qodef-m-separator\" ><\/span>\n\t\t\t<h3 class=\"qodef-m-title\" >\n\t\t\t\t\tSalle de sport\t\t\t<\/h3>\n\t\t<\/div>\t\t\t\t<\/div>\n\t\t\t\t<\/div>\n\t\t\t\t<\/div>\n\t\t\t\t<\/div>\n\t\t<div class=\"elementor-element elementor-element-0ca5c37 e-flex e-con-boxed e-con e-parent\" data-id=\"0ca5c37\" data-element_type=\"container\" data-e-type=\"container\">\n\t\t\t\t\t<div class=\"e-con-inner\">\n\t\t<div class=\"elementor-element elementor-element-ff5078b e-con-full e-flex e-con e-child\" data-id=\"ff5078b\" data-element_type=\"container\" data-e-type=\"container\">\n\t\t\t\t<div class=\"elementor-element elementor-element-5646db4 elementor-widget__width-initial elementor-widget-tablet__width-inherit elementor-widget elementor-widget-text-editor\" data-id=\"5646db4\" data-element_type=\"widget\" data-e-type=\"widget\" data-widget_type=\"text-editor.default\">\n\t\t\t\t<div class=\"elementor-widget-container\">\n\t\t\t\t\t\t\t\t\t<p>Apr\u00e8s une journ\u00e9e \u00e0 Bruges, avez-vous encore assez d&rsquo;\u00e9nergie pour une s\u00e9ance de course \u00e0 pied ou quelques kilom\u00e8tres de v\u00e9lo ?<\/p><p>Dans notre salle de fitness, vous pouvez utiliser librement tous les \u00e9quipements. Vous pourrez ensuite vous ressourcer dans notre charmant espace de d\u00e9tente avec piscine chauff\u00e9e. <\/p>\t\t\t\t\t\t\t\t<\/div>\n\t\t\t\t<\/div>\n\t\t\t\t<\/div>\n\t\t<div class=\"elementor-element elementor-element-fb173aa e-con-full e-flex e-con e-child\" data-id=\"fb173aa\" data-element_type=\"container\" data-e-type=\"container\">\n\t\t\t\t<div class=\"elementor-element elementor-element-d7875af elementor-widget elementor-widget-image\" data-id=\"d7875af\" data-element_type=\"widget\" data-e-type=\"widget\" data-widget_type=\"image.default\">\n\t\t\t\t<div class=\"elementor-widget-container\">\n\t\t\t\t\t\t\t\t\t\t\t\t\t\t\t<img decoding=\"async\" width=\"1024\" height=\"683\" src=\"https:\/\/grandhotelnormandy.com\/wp-content\/uploads\/2024\/03\/slide-18-1.webp\" class=\"attachment-large size-large wp-image-16855\" alt=\"\" srcset=\"https:\/\/grandhotelnormandy.com\/wp-content\/uploads\/2024\/03\/slide-18-1.webp 1024w, https:\/\/grandhotelnormandy.com\/wp-content\/uploads\/2024\/03\/slide-18-1-300x200.webp 300w, https:\/\/grandhotelnormandy.com\/wp-content\/uploads\/2024\/03\/slide-18-1-768x512.webp 768w\" sizes=\"(max-width: 1024px) 100vw, 1024px\" \/>\t\t\t\t\t\t\t\t\t\t\t\t\t\t\t<\/div>\n\t\t\t\t<\/div>\n\t\t\t\t<\/div>\n\t\t\t\t\t<\/div>\n\t\t\t\t<\/div>\n\t\t\t\t<\/div>\n\t\t","protected":false},"excerpt":{"rendered":"<p>Plongez dans la d\u00e9tente pure&#8230; Laissez-vous aller au stress dans notre d\u00e9licieuse piscine chauff\u00e9e et oubliez tous vos soucis en vous relaxant sur les confortables chaises longues. L&rsquo;acc\u00e8s \u00e0 la piscine est gratuit pour tous nos h\u00f4tes. Merveilleux, n&rsquo;est-ce pas ? Salle de sport Apr\u00e8s une journ\u00e9e \u00e0 Bruges, avez-vous encore assez d&rsquo;\u00e9nergie pour une [&hellip;]<\/p>\n","protected":false},"author":2,"featured_media":0,"parent":0,"menu_order":0,"comment_status":"closed","ping_status":"closed","template":"page-full-width.php","meta":{"footnotes":""},"class_list":["post-17078","page","type-page","status-publish","hentry"],"yoast_head":"<!-- This site is optimized with the Yoast SEO plugin v27.3 - https:\/\/yoast.com\/product\/yoast-seo-wordpress\/ -->\n<title>Nos avantages - Grand Hotel Normandy Pool | Bar | Fitness Room<\/title>\n<meta name=\"description\" content=\"D\u00e9couvrez les \u00e9quipements du Grand Hotel Normandy \u00e0 Bruges. Profitez d&#039;une piscine chauff\u00e9e, du Wi-Fi gratuit, d&#039;un centre de fitness et bien plus encore, con\u00e7us pour rendre votre s\u00e9jour confortable et agr\u00e9able.\" \/>\n<meta name=\"robots\" content=\"index, follow, max-snippet:-1, max-image-preview:large, max-video-preview:-1\" \/>\n<link rel=\"canonical\" href=\"https:\/\/grandhotelnormandy.com\/fr\/nos-avantages\/\" \/>\n<meta property=\"og:locale\" content=\"fr_FR\" \/>\n<meta property=\"og:type\" content=\"article\" \/>\n<meta property=\"og:title\" content=\"Nos avantages - Grand Hotel Normandy Pool | Bar | Fitness Room\" \/>\n<meta property=\"og:description\" content=\"D\u00e9couvrez les \u00e9quipements du Grand Hotel Normandy \u00e0 Bruges. Profitez d&#039;une piscine chauff\u00e9e, du Wi-Fi gratuit, d&#039;un centre de fitness et bien plus encore, con\u00e7us pour rendre votre s\u00e9jour confortable et agr\u00e9able.\" \/>\n<meta property=\"og:url\" content=\"https:\/\/grandhotelnormandy.com\/fr\/nos-avantages\/\" \/>\n<meta property=\"og:site_name\" content=\"Grand Hotel Normandy\" \/>\n<meta property=\"article:publisher\" content=\"https:\/\/www.facebook.com\/grandhotelnormandy\" \/>\n<meta property=\"article:modified_time\" content=\"2026-04-03T13:36:04+00:00\" \/>\n<meta property=\"og:image\" content=\"https:\/\/grandhotelnormandy.com\/wp-content\/uploads\/2024\/02\/amenities-12.webp\" \/>\n\t<meta property=\"og:image:width\" content=\"1024\" \/>\n\t<meta property=\"og:image:height\" content=\"683\" \/>\n\t<meta property=\"og:image:type\" content=\"image\/webp\" \/>\n<meta name=\"twitter:card\" content=\"summary_large_image\" \/>\n<meta name=\"twitter:label1\" content=\"Dur\u00e9e de lecture estim\u00e9e\" \/>\n\t<meta name=\"twitter:data1\" content=\"2 minutes\" \/>\n<script type=\"application\/ld+json\" class=\"yoast-schema-graph\">{\"@context\":\"https:\\\/\\\/schema.org\",\"@graph\":[{\"@type\":\"WebPage\",\"@id\":\"https:\\\/\\\/grandhotelnormandy.com\\\/fr\\\/nos-avantages\\\/\",\"url\":\"https:\\\/\\\/grandhotelnormandy.com\\\/fr\\\/nos-avantages\\\/\",\"name\":\"Nos avantages - Grand Hotel Normandy Pool | Bar | Fitness Room\",\"isPartOf\":{\"@id\":\"https:\\\/\\\/grandhotelnormandy.com\\\/fr\\\/#website\"},\"primaryImageOfPage\":{\"@id\":\"https:\\\/\\\/grandhotelnormandy.com\\\/fr\\\/nos-avantages\\\/#primaryimage\"},\"image\":{\"@id\":\"https:\\\/\\\/grandhotelnormandy.com\\\/fr\\\/nos-avantages\\\/#primaryimage\"},\"thumbnailUrl\":\"https:\\\/\\\/grandhotelnormandy.com\\\/wp-content\\\/uploads\\\/2024\\\/02\\\/amenities-12.webp\",\"datePublished\":\"2024-02-10T20:09:48+00:00\",\"dateModified\":\"2026-04-03T13:36:04+00:00\",\"description\":\"D\u00e9couvrez les \u00e9quipements du Grand Hotel Normandy \u00e0 Bruges. Profitez d'une piscine chauff\u00e9e, du Wi-Fi gratuit, d'un centre de fitness et bien plus encore, con\u00e7us pour rendre votre s\u00e9jour confortable et agr\u00e9able.\",\"breadcrumb\":{\"@id\":\"https:\\\/\\\/grandhotelnormandy.com\\\/fr\\\/nos-avantages\\\/#breadcrumb\"},\"inLanguage\":\"fr-FR\",\"potentialAction\":[{\"@type\":\"ReadAction\",\"target\":[\"https:\\\/\\\/grandhotelnormandy.com\\\/fr\\\/nos-avantages\\\/\"]}]},{\"@type\":\"ImageObject\",\"inLanguage\":\"fr-FR\",\"@id\":\"https:\\\/\\\/grandhotelnormandy.com\\\/fr\\\/nos-avantages\\\/#primaryimage\",\"url\":\"https:\\\/\\\/grandhotelnormandy.com\\\/wp-content\\\/uploads\\\/2024\\\/02\\\/amenities-12.webp\",\"contentUrl\":\"https:\\\/\\\/grandhotelnormandy.com\\\/wp-content\\\/uploads\\\/2024\\\/02\\\/amenities-12.webp\"},{\"@type\":\"BreadcrumbList\",\"@id\":\"https:\\\/\\\/grandhotelnormandy.com\\\/fr\\\/nos-avantages\\\/#breadcrumb\",\"itemListElement\":[{\"@type\":\"ListItem\",\"position\":1,\"name\":\"Home\",\"item\":\"https:\\\/\\\/grandhotelnormandy.com\\\/fr\\\/accueil\\\/\"},{\"@type\":\"ListItem\",\"position\":2,\"name\":\"Nos avantages\"}]},{\"@type\":\"WebSite\",\"@id\":\"https:\\\/\\\/grandhotelnormandy.com\\\/fr\\\/#website\",\"url\":\"https:\\\/\\\/grandhotelnormandy.com\\\/fr\\\/\",\"name\":\"Grand Hotel Normandy Bruges\",\"description\":\"CW Hotel Collection - Best Hotels In Bruges\",\"publisher\":{\"@id\":\"https:\\\/\\\/grandhotelnormandy.com\\\/fr\\\/#organization\"},\"potentialAction\":[{\"@type\":\"SearchAction\",\"target\":{\"@type\":\"EntryPoint\",\"urlTemplate\":\"https:\\\/\\\/grandhotelnormandy.com\\\/fr\\\/?s={search_term_string}\"},\"query-input\":{\"@type\":\"PropertyValueSpecification\",\"valueRequired\":true,\"valueName\":\"search_term_string\"}}],\"inLanguage\":\"fr-FR\"},{\"@type\":\"Organization\",\"@id\":\"https:\\\/\\\/grandhotelnormandy.com\\\/fr\\\/#organization\",\"name\":\"Grand Hotel Normandy 4 stars Hotel\",\"url\":\"https:\\\/\\\/grandhotelnormandy.com\\\/fr\\\/\",\"logo\":{\"@type\":\"ImageObject\",\"inLanguage\":\"fr-FR\",\"@id\":\"https:\\\/\\\/grandhotelnormandy.com\\\/fr\\\/#\\\/schema\\\/logo\\\/image\\\/\",\"url\":\"https:\\\/\\\/grandhotelnormandy.com\\\/wp-content\\\/uploads\\\/2024\\\/02\\\/GHNormandy.png\",\"contentUrl\":\"https:\\\/\\\/grandhotelnormandy.com\\\/wp-content\\\/uploads\\\/2024\\\/02\\\/GHNormandy.png\",\"width\":778,\"height\":653,\"caption\":\"Grand Hotel Normandy 4 stars Hotel\"},\"image\":{\"@id\":\"https:\\\/\\\/grandhotelnormandy.com\\\/fr\\\/#\\\/schema\\\/logo\\\/image\\\/\"},\"sameAs\":[\"https:\\\/\\\/www.facebook.com\\\/grandhotelnormandy\"]}]}<\/script>\n<!-- \/ Yoast SEO plugin. -->","yoast_head_json":{"title":"Nos avantages - Grand Hotel Normandy Pool | Bar | Fitness Room","description":"D\u00e9couvrez les \u00e9quipements du Grand Hotel Normandy \u00e0 Bruges. Profitez d'une piscine chauff\u00e9e, du Wi-Fi gratuit, d'un centre de fitness et bien plus encore, con\u00e7us pour rendre votre s\u00e9jour confortable et agr\u00e9able.","robots":{"index":"index","follow":"follow","max-snippet":"max-snippet:-1","max-image-preview":"max-image-preview:large","max-video-preview":"max-video-preview:-1"},"canonical":"https:\/\/grandhotelnormandy.com\/fr\/nos-avantages\/","og_locale":"fr_FR","og_type":"article","og_title":"Nos avantages - Grand Hotel Normandy Pool | Bar | Fitness Room","og_description":"D\u00e9couvrez les \u00e9quipements du Grand Hotel Normandy \u00e0 Bruges. Profitez d'une piscine chauff\u00e9e, du Wi-Fi gratuit, d'un centre de fitness et bien plus encore, con\u00e7us pour rendre votre s\u00e9jour confortable et agr\u00e9able.","og_url":"https:\/\/grandhotelnormandy.com\/fr\/nos-avantages\/","og_site_name":"Grand Hotel Normandy","article_publisher":"https:\/\/www.facebook.com\/grandhotelnormandy","article_modified_time":"2026-04-03T13:36:04+00:00","og_image":[{"width":1024,"height":683,"url":"https:\/\/grandhotelnormandy.com\/wp-content\/uploads\/2024\/02\/amenities-12.webp","type":"image\/webp"}],"twitter_card":"summary_large_image","twitter_misc":{"Dur\u00e9e de lecture estim\u00e9e":"2 minutes"},"schema":{"@context":"https:\/\/schema.org","@graph":[{"@type":"WebPage","@id":"https:\/\/grandhotelnormandy.com\/fr\/nos-avantages\/","url":"https:\/\/grandhotelnormandy.com\/fr\/nos-avantages\/","name":"Nos avantages - Grand Hotel Normandy Pool | Bar | Fitness Room","isPartOf":{"@id":"https:\/\/grandhotelnormandy.com\/fr\/#website"},"primaryImageOfPage":{"@id":"https:\/\/grandhotelnormandy.com\/fr\/nos-avantages\/#primaryimage"},"image":{"@id":"https:\/\/grandhotelnormandy.com\/fr\/nos-avantages\/#primaryimage"},"thumbnailUrl":"https:\/\/grandhotelnormandy.com\/wp-content\/uploads\/2024\/02\/amenities-12.webp","datePublished":"2024-02-10T20:09:48+00:00","dateModified":"2026-04-03T13:36:04+00:00","description":"D\u00e9couvrez les \u00e9quipements du Grand Hotel Normandy \u00e0 Bruges. Profitez d'une piscine chauff\u00e9e, du Wi-Fi gratuit, d'un centre de fitness et bien plus encore, con\u00e7us pour rendre votre s\u00e9jour confortable et agr\u00e9able.","breadcrumb":{"@id":"https:\/\/grandhotelnormandy.com\/fr\/nos-avantages\/#breadcrumb"},"inLanguage":"fr-FR","potentialAction":[{"@type":"ReadAction","target":["https:\/\/grandhotelnormandy.com\/fr\/nos-avantages\/"]}]},{"@type":"ImageObject","inLanguage":"fr-FR","@id":"https:\/\/grandhotelnormandy.com\/fr\/nos-avantages\/#primaryimage","url":"https:\/\/grandhotelnormandy.com\/wp-content\/uploads\/2024\/02\/amenities-12.webp","contentUrl":"https:\/\/grandhotelnormandy.com\/wp-content\/uploads\/2024\/02\/amenities-12.webp"},{"@type":"BreadcrumbList","@id":"https:\/\/grandhotelnormandy.com\/fr\/nos-avantages\/#breadcrumb","itemListElement":[{"@type":"ListItem","position":1,"name":"Home","item":"https:\/\/grandhotelnormandy.com\/fr\/accueil\/"},{"@type":"ListItem","position":2,"name":"Nos avantages"}]},{"@type":"WebSite","@id":"https:\/\/grandhotelnormandy.com\/fr\/#website","url":"https:\/\/grandhotelnormandy.com\/fr\/","name":"Grand Hotel Normandy Bruges","description":"CW Hotel Collection - Best Hotels In Bruges","publisher":{"@id":"https:\/\/grandhotelnormandy.com\/fr\/#organization"},"potentialAction":[{"@type":"SearchAction","target":{"@type":"EntryPoint","urlTemplate":"https:\/\/grandhotelnormandy.com\/fr\/?s={search_term_string}"},"query-input":{"@type":"PropertyValueSpecification","valueRequired":true,"valueName":"search_term_string"}}],"inLanguage":"fr-FR"},{"@type":"Organization","@id":"https:\/\/grandhotelnormandy.com\/fr\/#organization","name":"Grand Hotel Normandy 4 stars Hotel","url":"https:\/\/grandhotelnormandy.com\/fr\/","logo":{"@type":"ImageObject","inLanguage":"fr-FR","@id":"https:\/\/grandhotelnormandy.com\/fr\/#\/schema\/logo\/image\/","url":"https:\/\/grandhotelnormandy.com\/wp-content\/uploads\/2024\/02\/GHNormandy.png","contentUrl":"https:\/\/grandhotelnormandy.com\/wp-content\/uploads\/2024\/02\/GHNormandy.png","width":778,"height":653,"caption":"Grand Hotel Normandy 4 stars Hotel"},"image":{"@id":"https:\/\/grandhotelnormandy.com\/fr\/#\/schema\/logo\/image\/"},"sameAs":["https:\/\/www.facebook.com\/grandhotelnormandy"]}]}},"_links":{"self":[{"href":"https:\/\/grandhotelnormandy.com\/fr\/wp-json\/wp\/v2\/pages\/17078","targetHints":{"allow":["GET"]}}],"collection":[{"href":"https:\/\/grandhotelnormandy.com\/fr\/wp-json\/wp\/v2\/pages"}],"about":[{"href":"https:\/\/grandhotelnormandy.com\/fr\/wp-json\/wp\/v2\/types\/page"}],"author":[{"embeddable":true,"href":"https:\/\/grandhotelnormandy.com\/fr\/wp-json\/wp\/v2\/users\/2"}],"replies":[{"embeddable":true,"href":"https:\/\/grandhotelnormandy.com\/fr\/wp-json\/wp\/v2\/comments?post=17078"}],"version-history":[{"count":10,"href":"https:\/\/grandhotelnormandy.com\/fr\/wp-json\/wp\/v2\/pages\/17078\/revisions"}],"predecessor-version":[{"id":19413,"href":"https:\/\/grandhotelnormandy.com\/fr\/wp-json\/wp\/v2\/pages\/17078\/revisions\/19413"}],"wp:attachment":[{"href":"https:\/\/grandhotelnormandy.com\/fr\/wp-json\/wp\/v2\/media?parent=17078"}],"curies":[{"name":"wp","href":"https:\/\/api.w.org\/{rel}","templated":true}]}}