{"id":17351,"date":"2024-02-10T21:09:48","date_gmt":"2024-02-10T20:09:48","guid":{"rendered":"https:\/\/grandhotelnormandy.com\/nuestras-ventajas\/"},"modified":"2026-04-03T15:36:29","modified_gmt":"2026-04-03T13:36:29","slug":"nuestras-ventajas","status":"publish","type":"page","link":"https:\/\/grandhotelnormandy.com\/es\/nuestras-ventajas\/","title":{"rendered":"Nuestras ventajas"},"content":{"rendered":"\t\t<div data-elementor-type=\"wp-page\" data-elementor-id=\"17351\" class=\"elementor elementor-17351 elementor-11273\">\n\t\t\t\t\t\t<section class=\"elementor-section elementor-top-section elementor-element elementor-element-16ff598c elementor-section-full_width elementor-section-height-default elementor-section-height-default qodef-elementor-content-no\" data-id=\"16ff598c\" data-element_type=\"section\" data-e-type=\"section\">\n\t\t\t\t\t\t<div class=\"elementor-container elementor-column-gap-default\">\n\t\t\t\t\t<div class=\"elementor-column elementor-col-100 elementor-top-column elementor-element elementor-element-790400d4\" data-id=\"790400d4\" data-element_type=\"column\" data-e-type=\"column\">\n\t\t\t<div class=\"elementor-widget-wrap elementor-element-populated\">\n\t\t\t\t\t\t<div class=\"elementor-element elementor-element-74446db elementor-widget elementor-widget-augustine_core_section_title\" data-id=\"74446db\" data-element_type=\"widget\" data-e-type=\"widget\" data-widget_type=\"augustine_core_section_title.default\">\n\t\t\t\t<div class=\"elementor-widget-container\">\n\t\t\t\t\t<div class=\"qodef-shortcode qodef-m  qodef-section-title qodef-alignment--center     \">\n\t\t<span class=\"qodef-m-separator\" ><\/span>\n\t\t\t<h3 class=\"qodef-m-title\" >\n\t\t\t\t\tSum\u00e9rgete en pura relajaci\u00f3n...\t\t\t<\/h3>\n\t\t<\/div>\t\t\t\t<\/div>\n\t\t\t\t<\/div>\n\t\t\t\t\t<\/div>\n\t\t<\/div>\n\t\t\t\t\t<\/div>\n\t\t<\/section>\n\t\t<div class=\"elementor-element elementor-element-5ab9dab e-flex e-con-boxed e-con e-parent\" data-id=\"5ab9dab\" data-element_type=\"container\" data-e-type=\"container\">\n\t\t\t\t\t<div class=\"e-con-inner\">\n\t\t<div class=\"elementor-element elementor-element-f665e85 e-con-full e-flex e-con e-child\" data-id=\"f665e85\" data-element_type=\"container\" data-e-type=\"container\">\n\t\t\t\t<div class=\"elementor-element elementor-element-7f005ba elementor-widget__width-initial elementor-widget-tablet__width-inherit elementor-widget elementor-widget-text-editor\" data-id=\"7f005ba\" data-element_type=\"widget\" data-e-type=\"widget\" data-widget_type=\"text-editor.default\">\n\t\t\t\t<div class=\"elementor-widget-container\">\n\t\t\t\t\t\t\t\t\t<p style=\"text-align: left;\">Lib\u00e9rate de todo el estr\u00e9s en nuestra encantadora piscina climatizada y olvida todas tus preocupaciones mientras te relajas en las c\u00f3modas tumbonas. El acceso a la piscina es gratuito para todos nuestros hu\u00e9spedes. <\/p><p style=\"text-align: left;\"> Maravilloso, \u00bfverdad?<\/p>\t\t\t\t\t\t\t\t<\/div>\n\t\t\t\t<\/div>\n\t\t\t\t<\/div>\n\t\t<div class=\"elementor-element elementor-element-9e5df02 e-con-full e-flex e-con e-child\" data-id=\"9e5df02\" data-element_type=\"container\" data-e-type=\"container\">\n\t\t\t\t<div class=\"elementor-element elementor-element-401f9d4 elementor-widget elementor-widget-image\" data-id=\"401f9d4\" data-element_type=\"widget\" data-e-type=\"widget\" data-widget_type=\"image.default\">\n\t\t\t\t<div class=\"elementor-widget-container\">\n\t\t\t\t\t\t\t\t\t\t\t\t\t\t\t<img fetchpriority=\"high\" decoding=\"async\" width=\"1024\" height=\"683\" src=\"https:\/\/grandhotelnormandy.com\/wp-content\/uploads\/2024\/02\/amenities-12.webp\" class=\"attachment-large size-large wp-image-12658\" alt=\"pool\" srcset=\"https:\/\/grandhotelnormandy.com\/wp-content\/uploads\/2024\/02\/amenities-12.webp 1024w, https:\/\/grandhotelnormandy.com\/wp-content\/uploads\/2024\/02\/amenities-12-300x200.webp 300w, https:\/\/grandhotelnormandy.com\/wp-content\/uploads\/2024\/02\/amenities-12-768x512.webp 768w\" sizes=\"(max-width: 1024px) 100vw, 1024px\" \/>\t\t\t\t\t\t\t\t\t\t\t\t\t\t\t<\/div>\n\t\t\t\t<\/div>\n\t\t\t\t<\/div>\n\t\t\t\t\t<\/div>\n\t\t\t\t<\/div>\n\t\t<div class=\"elementor-element elementor-element-8a9ec27 e-con-full e-flex e-con e-parent\" data-id=\"8a9ec27\" data-element_type=\"container\" data-e-type=\"container\">\n\t\t<div class=\"elementor-element elementor-element-33e8ec4 e-con-full e-flex e-con e-child\" data-id=\"33e8ec4\" data-element_type=\"container\" data-e-type=\"container\">\n\t\t\t\t<div class=\"elementor-element elementor-element-1912df4 elementor-widget elementor-widget-augustine_core_section_title\" data-id=\"1912df4\" data-element_type=\"widget\" data-e-type=\"widget\" data-widget_type=\"augustine_core_section_title.default\">\n\t\t\t\t<div class=\"elementor-widget-container\">\n\t\t\t\t\t<div class=\"qodef-shortcode qodef-m  qodef-section-title qodef-alignment--center     \">\n\t\t<span class=\"qodef-m-separator\" ><\/span>\n\t\t\t<h3 class=\"qodef-m-title\" >\n\t\t\t\t\tSala de fitness\t\t\t<\/h3>\n\t\t<\/div>\t\t\t\t<\/div>\n\t\t\t\t<\/div>\n\t\t\t\t<\/div>\n\t\t\t\t<\/div>\n\t\t<div class=\"elementor-element elementor-element-0ca5c37 e-flex e-con-boxed e-con e-parent\" data-id=\"0ca5c37\" data-element_type=\"container\" data-e-type=\"container\">\n\t\t\t\t\t<div class=\"e-con-inner\">\n\t\t<div class=\"elementor-element elementor-element-ff5078b e-con-full e-flex e-con e-child\" data-id=\"ff5078b\" data-element_type=\"container\" data-e-type=\"container\">\n\t\t\t\t<div class=\"elementor-element elementor-element-5646db4 elementor-widget__width-initial elementor-widget-tablet__width-inherit elementor-widget elementor-widget-text-editor\" data-id=\"5646db4\" data-element_type=\"widget\" data-e-type=\"widget\" data-widget_type=\"text-editor.default\">\n\t\t\t\t<div class=\"elementor-widget-container\">\n\t\t\t\t\t\t\t\t\t<p>\u00bfTodav\u00eda tienes energ\u00eda suficiente despu\u00e9s de un d\u00eda en Brujas para una sesi\u00f3n de running o unos kil\u00f3metros de ciclismo?<\/p><p>En nuestra sala de fitness, puedes utilizar libremente todo el equipamiento. Despu\u00e9s, recarga las pilas en nuestra encantadora zona de relax con piscina climatizada. <\/p>\t\t\t\t\t\t\t\t<\/div>\n\t\t\t\t<\/div>\n\t\t\t\t<\/div>\n\t\t<div class=\"elementor-element elementor-element-fb173aa e-con-full e-flex e-con e-child\" data-id=\"fb173aa\" data-element_type=\"container\" data-e-type=\"container\">\n\t\t\t\t<div class=\"elementor-element elementor-element-d7875af elementor-widget elementor-widget-image\" data-id=\"d7875af\" data-element_type=\"widget\" data-e-type=\"widget\" data-widget_type=\"image.default\">\n\t\t\t\t<div class=\"elementor-widget-container\">\n\t\t\t\t\t\t\t\t\t\t\t\t\t\t\t<img decoding=\"async\" width=\"1024\" height=\"683\" src=\"https:\/\/grandhotelnormandy.com\/wp-content\/uploads\/2024\/03\/slide-18-1.webp\" class=\"attachment-large size-large wp-image-14021\" alt=\"\" srcset=\"https:\/\/grandhotelnormandy.com\/wp-content\/uploads\/2024\/03\/slide-18-1.webp 1024w, https:\/\/grandhotelnormandy.com\/wp-content\/uploads\/2024\/03\/slide-18-1-300x200.webp 300w, https:\/\/grandhotelnormandy.com\/wp-content\/uploads\/2024\/03\/slide-18-1-768x512.webp 768w\" sizes=\"(max-width: 1024px) 100vw, 1024px\" \/>\t\t\t\t\t\t\t\t\t\t\t\t\t\t\t<\/div>\n\t\t\t\t<\/div>\n\t\t\t\t<\/div>\n\t\t\t\t\t<\/div>\n\t\t\t\t<\/div>\n\t\t\t\t<\/div>\n\t\t","protected":false},"excerpt":{"rendered":"<p>Sum\u00e9rgete en pura relajaci\u00f3n&#8230; Lib\u00e9rate de todo el estr\u00e9s en nuestra encantadora piscina climatizada y olvida todas tus preocupaciones mientras te relajas en las c\u00f3modas tumbonas. El acceso a la piscina es gratuito para todos nuestros hu\u00e9spedes. Maravilloso, \u00bfverdad? Sala de fitness \u00bfTodav\u00eda tienes energ\u00eda suficiente despu\u00e9s de un d\u00eda en Brujas para una sesi\u00f3n [&hellip;]<\/p>\n","protected":false},"author":2,"featured_media":0,"parent":0,"menu_order":0,"comment_status":"closed","ping_status":"closed","template":"page-full-width.php","meta":{"footnotes":""},"class_list":["post-17351","page","type-page","status-publish","hentry"],"yoast_head":"<!-- This site is optimized with the Yoast SEO plugin v27.3 - https:\/\/yoast.com\/product\/yoast-seo-wordpress\/ -->\n<title>Nuestras ventajas - Grand Hotel Normandy Piscina | Bar | Gimnasio<\/title>\n<meta name=\"description\" content=\"Explore las comodidades del Grand Hotel Normandy en Brujas. Disfrute de una piscina climatizada, WiFi gratuito, gimnasio y m\u00e1s, dise\u00f1ados para que su estancia sea c\u00f3moda y placentera.\" \/>\n<meta name=\"robots\" content=\"index, follow, max-snippet:-1, max-image-preview:large, max-video-preview:-1\" \/>\n<link rel=\"canonical\" href=\"https:\/\/grandhotelnormandy.com\/es\/nuestras-ventajas\/\" \/>\n<meta property=\"og:locale\" content=\"es_ES\" \/>\n<meta property=\"og:type\" content=\"article\" \/>\n<meta property=\"og:title\" content=\"Nuestras ventajas - Grand Hotel Normandy Piscina | Bar | Gimnasio\" \/>\n<meta property=\"og:description\" content=\"Explore las comodidades del Grand Hotel Normandy en Brujas. Disfrute de una piscina climatizada, WiFi gratuito, gimnasio y m\u00e1s, dise\u00f1ados para que su estancia sea c\u00f3moda y placentera.\" \/>\n<meta property=\"og:url\" content=\"https:\/\/grandhotelnormandy.com\/es\/nuestras-ventajas\/\" \/>\n<meta property=\"og:site_name\" content=\"Grand Hotel Normandy\" \/>\n<meta property=\"article:publisher\" content=\"https:\/\/www.facebook.com\/grandhotelnormandy\" \/>\n<meta property=\"article:modified_time\" content=\"2026-04-03T13:36:29+00:00\" \/>\n<meta property=\"og:image\" content=\"https:\/\/grandhotelnormandy.com\/wp-content\/uploads\/2024\/02\/amenities-12.webp\" \/>\n\t<meta property=\"og:image:width\" content=\"1024\" \/>\n\t<meta property=\"og:image:height\" content=\"683\" \/>\n\t<meta property=\"og:image:type\" content=\"image\/webp\" \/>\n<meta name=\"twitter:card\" content=\"summary_large_image\" \/>\n<script type=\"application\/ld+json\" class=\"yoast-schema-graph\">{\"@context\":\"https:\\\/\\\/schema.org\",\"@graph\":[{\"@type\":\"WebPage\",\"@id\":\"https:\\\/\\\/grandhotelnormandy.com\\\/es\\\/nuestras-ventajas\\\/\",\"url\":\"https:\\\/\\\/grandhotelnormandy.com\\\/es\\\/nuestras-ventajas\\\/\",\"name\":\"Nuestras ventajas - Grand Hotel Normandy Piscina | Bar | Gimnasio\",\"isPartOf\":{\"@id\":\"https:\\\/\\\/grandhotelnormandy.com\\\/es\\\/#website\"},\"primaryImageOfPage\":{\"@id\":\"https:\\\/\\\/grandhotelnormandy.com\\\/es\\\/nuestras-ventajas\\\/#primaryimage\"},\"image\":{\"@id\":\"https:\\\/\\\/grandhotelnormandy.com\\\/es\\\/nuestras-ventajas\\\/#primaryimage\"},\"thumbnailUrl\":\"https:\\\/\\\/grandhotelnormandy.com\\\/wp-content\\\/uploads\\\/2024\\\/02\\\/amenities-12.webp\",\"datePublished\":\"2024-02-10T20:09:48+00:00\",\"dateModified\":\"2026-04-03T13:36:29+00:00\",\"description\":\"Explore las comodidades del Grand Hotel Normandy en Brujas. Disfrute de una piscina climatizada, WiFi gratuito, gimnasio y m\u00e1s, dise\u00f1ados para que su estancia sea c\u00f3moda y placentera.\",\"breadcrumb\":{\"@id\":\"https:\\\/\\\/grandhotelnormandy.com\\\/es\\\/nuestras-ventajas\\\/#breadcrumb\"},\"inLanguage\":\"es\",\"potentialAction\":[{\"@type\":\"ReadAction\",\"target\":[\"https:\\\/\\\/grandhotelnormandy.com\\\/es\\\/nuestras-ventajas\\\/\"]}]},{\"@type\":\"ImageObject\",\"inLanguage\":\"es\",\"@id\":\"https:\\\/\\\/grandhotelnormandy.com\\\/es\\\/nuestras-ventajas\\\/#primaryimage\",\"url\":\"https:\\\/\\\/grandhotelnormandy.com\\\/wp-content\\\/uploads\\\/2024\\\/02\\\/amenities-12.webp\",\"contentUrl\":\"https:\\\/\\\/grandhotelnormandy.com\\\/wp-content\\\/uploads\\\/2024\\\/02\\\/amenities-12.webp\"},{\"@type\":\"BreadcrumbList\",\"@id\":\"https:\\\/\\\/grandhotelnormandy.com\\\/es\\\/nuestras-ventajas\\\/#breadcrumb\",\"itemListElement\":[{\"@type\":\"ListItem\",\"position\":1,\"name\":\"Home\",\"item\":\"https:\\\/\\\/grandhotelnormandy.com\\\/es\\\/inicio\\\/\"},{\"@type\":\"ListItem\",\"position\":2,\"name\":\"Nuestras ventajas\"}]},{\"@type\":\"WebSite\",\"@id\":\"https:\\\/\\\/grandhotelnormandy.com\\\/es\\\/#website\",\"url\":\"https:\\\/\\\/grandhotelnormandy.com\\\/es\\\/\",\"name\":\"Grand Hotel Normandy Bruges\",\"description\":\"CW Hotel Collection - Best Hotels In Bruges\",\"publisher\":{\"@id\":\"https:\\\/\\\/grandhotelnormandy.com\\\/es\\\/#organization\"},\"potentialAction\":[{\"@type\":\"SearchAction\",\"target\":{\"@type\":\"EntryPoint\",\"urlTemplate\":\"https:\\\/\\\/grandhotelnormandy.com\\\/es\\\/?s={search_term_string}\"},\"query-input\":{\"@type\":\"PropertyValueSpecification\",\"valueRequired\":true,\"valueName\":\"search_term_string\"}}],\"inLanguage\":\"es\"},{\"@type\":\"Organization\",\"@id\":\"https:\\\/\\\/grandhotelnormandy.com\\\/es\\\/#organization\",\"name\":\"Grand Hotel Normandy 4 stars Hotel\",\"url\":\"https:\\\/\\\/grandhotelnormandy.com\\\/es\\\/\",\"logo\":{\"@type\":\"ImageObject\",\"inLanguage\":\"es\",\"@id\":\"https:\\\/\\\/grandhotelnormandy.com\\\/es\\\/#\\\/schema\\\/logo\\\/image\\\/\",\"url\":\"https:\\\/\\\/grandhotelnormandy.com\\\/wp-content\\\/uploads\\\/2024\\\/02\\\/GHNormandy.png\",\"contentUrl\":\"https:\\\/\\\/grandhotelnormandy.com\\\/wp-content\\\/uploads\\\/2024\\\/02\\\/GHNormandy.png\",\"width\":778,\"height\":653,\"caption\":\"Grand Hotel Normandy 4 stars Hotel\"},\"image\":{\"@id\":\"https:\\\/\\\/grandhotelnormandy.com\\\/es\\\/#\\\/schema\\\/logo\\\/image\\\/\"},\"sameAs\":[\"https:\\\/\\\/www.facebook.com\\\/grandhotelnormandy\"]}]}<\/script>\n<!-- \/ Yoast SEO plugin. -->","yoast_head_json":{"title":"Nuestras ventajas - Grand Hotel Normandy Piscina | Bar | Gimnasio","description":"Explore las comodidades del Grand Hotel Normandy en Brujas. Disfrute de una piscina climatizada, WiFi gratuito, gimnasio y m\u00e1s, dise\u00f1ados para que su estancia sea c\u00f3moda y placentera.","robots":{"index":"index","follow":"follow","max-snippet":"max-snippet:-1","max-image-preview":"max-image-preview:large","max-video-preview":"max-video-preview:-1"},"canonical":"https:\/\/grandhotelnormandy.com\/es\/nuestras-ventajas\/","og_locale":"es_ES","og_type":"article","og_title":"Nuestras ventajas - Grand Hotel Normandy Piscina | Bar | Gimnasio","og_description":"Explore las comodidades del Grand Hotel Normandy en Brujas. Disfrute de una piscina climatizada, WiFi gratuito, gimnasio y m\u00e1s, dise\u00f1ados para que su estancia sea c\u00f3moda y placentera.","og_url":"https:\/\/grandhotelnormandy.com\/es\/nuestras-ventajas\/","og_site_name":"Grand Hotel Normandy","article_publisher":"https:\/\/www.facebook.com\/grandhotelnormandy","article_modified_time":"2026-04-03T13:36:29+00:00","og_image":[{"width":1024,"height":683,"url":"https:\/\/grandhotelnormandy.com\/wp-content\/uploads\/2024\/02\/amenities-12.webp","type":"image\/webp"}],"twitter_card":"summary_large_image","schema":{"@context":"https:\/\/schema.org","@graph":[{"@type":"WebPage","@id":"https:\/\/grandhotelnormandy.com\/es\/nuestras-ventajas\/","url":"https:\/\/grandhotelnormandy.com\/es\/nuestras-ventajas\/","name":"Nuestras ventajas - Grand Hotel Normandy Piscina | Bar | Gimnasio","isPartOf":{"@id":"https:\/\/grandhotelnormandy.com\/es\/#website"},"primaryImageOfPage":{"@id":"https:\/\/grandhotelnormandy.com\/es\/nuestras-ventajas\/#primaryimage"},"image":{"@id":"https:\/\/grandhotelnormandy.com\/es\/nuestras-ventajas\/#primaryimage"},"thumbnailUrl":"https:\/\/grandhotelnormandy.com\/wp-content\/uploads\/2024\/02\/amenities-12.webp","datePublished":"2024-02-10T20:09:48+00:00","dateModified":"2026-04-03T13:36:29+00:00","description":"Explore las comodidades del Grand Hotel Normandy en Brujas. Disfrute de una piscina climatizada, WiFi gratuito, gimnasio y m\u00e1s, dise\u00f1ados para que su estancia sea c\u00f3moda y placentera.","breadcrumb":{"@id":"https:\/\/grandhotelnormandy.com\/es\/nuestras-ventajas\/#breadcrumb"},"inLanguage":"es","potentialAction":[{"@type":"ReadAction","target":["https:\/\/grandhotelnormandy.com\/es\/nuestras-ventajas\/"]}]},{"@type":"ImageObject","inLanguage":"es","@id":"https:\/\/grandhotelnormandy.com\/es\/nuestras-ventajas\/#primaryimage","url":"https:\/\/grandhotelnormandy.com\/wp-content\/uploads\/2024\/02\/amenities-12.webp","contentUrl":"https:\/\/grandhotelnormandy.com\/wp-content\/uploads\/2024\/02\/amenities-12.webp"},{"@type":"BreadcrumbList","@id":"https:\/\/grandhotelnormandy.com\/es\/nuestras-ventajas\/#breadcrumb","itemListElement":[{"@type":"ListItem","position":1,"name":"Home","item":"https:\/\/grandhotelnormandy.com\/es\/inicio\/"},{"@type":"ListItem","position":2,"name":"Nuestras ventajas"}]},{"@type":"WebSite","@id":"https:\/\/grandhotelnormandy.com\/es\/#website","url":"https:\/\/grandhotelnormandy.com\/es\/","name":"Grand Hotel Normandy Bruges","description":"CW Hotel Collection - Best Hotels In Bruges","publisher":{"@id":"https:\/\/grandhotelnormandy.com\/es\/#organization"},"potentialAction":[{"@type":"SearchAction","target":{"@type":"EntryPoint","urlTemplate":"https:\/\/grandhotelnormandy.com\/es\/?s={search_term_string}"},"query-input":{"@type":"PropertyValueSpecification","valueRequired":true,"valueName":"search_term_string"}}],"inLanguage":"es"},{"@type":"Organization","@id":"https:\/\/grandhotelnormandy.com\/es\/#organization","name":"Grand Hotel Normandy 4 stars Hotel","url":"https:\/\/grandhotelnormandy.com\/es\/","logo":{"@type":"ImageObject","inLanguage":"es","@id":"https:\/\/grandhotelnormandy.com\/es\/#\/schema\/logo\/image\/","url":"https:\/\/grandhotelnormandy.com\/wp-content\/uploads\/2024\/02\/GHNormandy.png","contentUrl":"https:\/\/grandhotelnormandy.com\/wp-content\/uploads\/2024\/02\/GHNormandy.png","width":778,"height":653,"caption":"Grand Hotel Normandy 4 stars Hotel"},"image":{"@id":"https:\/\/grandhotelnormandy.com\/es\/#\/schema\/logo\/image\/"},"sameAs":["https:\/\/www.facebook.com\/grandhotelnormandy"]}]}},"_links":{"self":[{"href":"https:\/\/grandhotelnormandy.com\/es\/wp-json\/wp\/v2\/pages\/17351","targetHints":{"allow":["GET"]}}],"collection":[{"href":"https:\/\/grandhotelnormandy.com\/es\/wp-json\/wp\/v2\/pages"}],"about":[{"href":"https:\/\/grandhotelnormandy.com\/es\/wp-json\/wp\/v2\/types\/page"}],"author":[{"embeddable":true,"href":"https:\/\/grandhotelnormandy.com\/es\/wp-json\/wp\/v2\/users\/2"}],"replies":[{"embeddable":true,"href":"https:\/\/grandhotelnormandy.com\/es\/wp-json\/wp\/v2\/comments?post=17351"}],"version-history":[{"count":10,"href":"https:\/\/grandhotelnormandy.com\/es\/wp-json\/wp\/v2\/pages\/17351\/revisions"}],"predecessor-version":[{"id":19415,"href":"https:\/\/grandhotelnormandy.com\/es\/wp-json\/wp\/v2\/pages\/17351\/revisions\/19415"}],"wp:attachment":[{"href":"https:\/\/grandhotelnormandy.com\/es\/wp-json\/wp\/v2\/media?parent=17351"}],"curies":[{"name":"wp","href":"https:\/\/api.w.org\/{rel}","templated":true}]}}