{"id":17326,"date":"2024-02-10T21:09:48","date_gmt":"2024-02-10T20:09:48","guid":{"rendered":"https:\/\/grandhotelnormandy.com\/unsere-vorteile\/"},"modified":"2026-04-03T15:36:17","modified_gmt":"2026-04-03T13:36:17","slug":"unsere-vorteile","status":"publish","type":"page","link":"https:\/\/grandhotelnormandy.com\/de\/unsere-vorteile\/","title":{"rendered":"Unsere Vorteile"},"content":{"rendered":"\t\t<div data-elementor-type=\"wp-page\" data-elementor-id=\"17326\" class=\"elementor elementor-17326 elementor-11273\">\n\t\t\t\t\t\t<section class=\"elementor-section elementor-top-section elementor-element elementor-element-16ff598c elementor-section-full_width elementor-section-height-default elementor-section-height-default qodef-elementor-content-no\" data-id=\"16ff598c\" data-element_type=\"section\" data-e-type=\"section\">\n\t\t\t\t\t\t<div class=\"elementor-container elementor-column-gap-default\">\n\t\t\t\t\t<div class=\"elementor-column elementor-col-100 elementor-top-column elementor-element elementor-element-790400d4\" data-id=\"790400d4\" data-element_type=\"column\" data-e-type=\"column\">\n\t\t\t<div class=\"elementor-widget-wrap elementor-element-populated\">\n\t\t\t\t\t\t<div class=\"elementor-element elementor-element-74446db elementor-widget elementor-widget-augustine_core_section_title\" data-id=\"74446db\" data-element_type=\"widget\" data-e-type=\"widget\" data-widget_type=\"augustine_core_section_title.default\">\n\t\t\t\t<div class=\"elementor-widget-container\">\n\t\t\t\t\t<div class=\"qodef-shortcode qodef-m  qodef-section-title qodef-alignment--center     \">\n\t\t<span class=\"qodef-m-separator\" ><\/span>\n\t\t\t<h3 class=\"qodef-m-title\" >\n\t\t\t\t\tTauchen Sie ein in pure Entspannung...\t\t\t<\/h3>\n\t\t<\/div>\t\t\t\t<\/div>\n\t\t\t\t<\/div>\n\t\t\t\t\t<\/div>\n\t\t<\/div>\n\t\t\t\t\t<\/div>\n\t\t<\/section>\n\t\t<div class=\"elementor-element elementor-element-5ab9dab e-flex e-con-boxed e-con e-parent\" data-id=\"5ab9dab\" data-element_type=\"container\" data-e-type=\"container\">\n\t\t\t\t\t<div class=\"e-con-inner\">\n\t\t<div class=\"elementor-element elementor-element-f665e85 e-con-full e-flex e-con e-child\" data-id=\"f665e85\" data-element_type=\"container\" data-e-type=\"container\">\n\t\t\t\t<div class=\"elementor-element elementor-element-7f005ba elementor-widget__width-initial elementor-widget-tablet__width-inherit elementor-widget elementor-widget-text-editor\" data-id=\"7f005ba\" data-element_type=\"widget\" data-e-type=\"widget\" data-widget_type=\"text-editor.default\">\n\t\t\t\t<div class=\"elementor-widget-container\">\n\t\t\t\t\t\t\t\t\t<p style=\"text-align: left;\">Lassen Sie den Stress in unserem herrlichen beheizten Pool los und vergessen Sie all Ihre Sorgen, w\u00e4hrend Sie auf den bequemen Sonnenliegen entspannen. Der Zugang zum Pool ist f\u00fcr alle unsere G\u00e4ste kostenlos. <\/p><p style=\"text-align: left;\"> Wunderbar, nicht wahr?<\/p>\t\t\t\t\t\t\t\t<\/div>\n\t\t\t\t<\/div>\n\t\t\t\t<\/div>\n\t\t<div class=\"elementor-element elementor-element-9e5df02 e-con-full e-flex e-con e-child\" data-id=\"9e5df02\" data-element_type=\"container\" data-e-type=\"container\">\n\t\t\t\t<div class=\"elementor-element elementor-element-401f9d4 elementor-widget elementor-widget-image\" data-id=\"401f9d4\" data-element_type=\"widget\" data-e-type=\"widget\" data-widget_type=\"image.default\">\n\t\t\t\t<div class=\"elementor-widget-container\">\n\t\t\t\t\t\t\t\t\t\t\t\t\t\t\t<img fetchpriority=\"high\" decoding=\"async\" width=\"1024\" height=\"683\" src=\"https:\/\/grandhotelnormandy.com\/wp-content\/uploads\/2024\/02\/amenities-12.webp\" class=\"attachment-large size-large wp-image-12658\" alt=\"pool\" srcset=\"https:\/\/grandhotelnormandy.com\/wp-content\/uploads\/2024\/02\/amenities-12.webp 1024w, https:\/\/grandhotelnormandy.com\/wp-content\/uploads\/2024\/02\/amenities-12-300x200.webp 300w, https:\/\/grandhotelnormandy.com\/wp-content\/uploads\/2024\/02\/amenities-12-768x512.webp 768w\" sizes=\"(max-width: 1024px) 100vw, 1024px\" \/>\t\t\t\t\t\t\t\t\t\t\t\t\t\t\t<\/div>\n\t\t\t\t<\/div>\n\t\t\t\t<\/div>\n\t\t\t\t\t<\/div>\n\t\t\t\t<\/div>\n\t\t<div class=\"elementor-element elementor-element-8a9ec27 e-con-full e-flex e-con e-parent\" data-id=\"8a9ec27\" data-element_type=\"container\" data-e-type=\"container\">\n\t\t<div class=\"elementor-element elementor-element-33e8ec4 e-con-full e-flex e-con e-child\" data-id=\"33e8ec4\" data-element_type=\"container\" data-e-type=\"container\">\n\t\t\t\t<div class=\"elementor-element elementor-element-1912df4 elementor-widget elementor-widget-augustine_core_section_title\" data-id=\"1912df4\" data-element_type=\"widget\" data-e-type=\"widget\" data-widget_type=\"augustine_core_section_title.default\">\n\t\t\t\t<div class=\"elementor-widget-container\">\n\t\t\t\t\t<div class=\"qodef-shortcode qodef-m  qodef-section-title qodef-alignment--center     \">\n\t\t<span class=\"qodef-m-separator\" ><\/span>\n\t\t\t<h3 class=\"qodef-m-title\" >\n\t\t\t\t\tFitnessraum\t\t\t<\/h3>\n\t\t<\/div>\t\t\t\t<\/div>\n\t\t\t\t<\/div>\n\t\t\t\t<\/div>\n\t\t\t\t<\/div>\n\t\t<div class=\"elementor-element elementor-element-0ca5c37 e-flex e-con-boxed e-con e-parent\" data-id=\"0ca5c37\" data-element_type=\"container\" data-e-type=\"container\">\n\t\t\t\t\t<div class=\"e-con-inner\">\n\t\t<div class=\"elementor-element elementor-element-ff5078b e-con-full e-flex e-con e-child\" data-id=\"ff5078b\" data-element_type=\"container\" data-e-type=\"container\">\n\t\t\t\t<div class=\"elementor-element elementor-element-5646db4 elementor-widget__width-initial elementor-widget-tablet__width-inherit elementor-widget elementor-widget-text-editor\" data-id=\"5646db4\" data-element_type=\"widget\" data-e-type=\"widget\" data-widget_type=\"text-editor.default\">\n\t\t\t\t<div class=\"elementor-widget-container\">\n\t\t\t\t\t\t\t\t\t<p>Haben Sie nach einem Tag in Br\u00fcgge noch genug Energie f\u00fcr eine Laufeinheit oder ein paar Kilometer Radfahren?<\/p><p>In unserem Fitnessraum k\u00f6nnen Sie alle Ger\u00e4te frei benutzen. Dann tanken Sie in unserem herrlichen Entspannungsbereich mit beheiztem Pool neue Energie. <\/p>\t\t\t\t\t\t\t\t<\/div>\n\t\t\t\t<\/div>\n\t\t\t\t<\/div>\n\t\t<div class=\"elementor-element elementor-element-fb173aa e-con-full e-flex e-con e-child\" data-id=\"fb173aa\" data-element_type=\"container\" data-e-type=\"container\">\n\t\t\t\t<div class=\"elementor-element elementor-element-d7875af elementor-widget elementor-widget-image\" data-id=\"d7875af\" data-element_type=\"widget\" data-e-type=\"widget\" data-widget_type=\"image.default\">\n\t\t\t\t<div class=\"elementor-widget-container\">\n\t\t\t\t\t\t\t\t\t\t\t\t\t\t\t<img decoding=\"async\" width=\"1024\" height=\"683\" src=\"https:\/\/grandhotelnormandy.com\/wp-content\/uploads\/2024\/03\/slide-18-1.webp\" class=\"attachment-large size-large wp-image-14021\" alt=\"\" srcset=\"https:\/\/grandhotelnormandy.com\/wp-content\/uploads\/2024\/03\/slide-18-1.webp 1024w, https:\/\/grandhotelnormandy.com\/wp-content\/uploads\/2024\/03\/slide-18-1-300x200.webp 300w, https:\/\/grandhotelnormandy.com\/wp-content\/uploads\/2024\/03\/slide-18-1-768x512.webp 768w\" sizes=\"(max-width: 1024px) 100vw, 1024px\" \/>\t\t\t\t\t\t\t\t\t\t\t\t\t\t\t<\/div>\n\t\t\t\t<\/div>\n\t\t\t\t<\/div>\n\t\t\t\t\t<\/div>\n\t\t\t\t<\/div>\n\t\t\t\t<\/div>\n\t\t","protected":false},"excerpt":{"rendered":"<p>Tauchen Sie ein in pure Entspannung&#8230; Lassen Sie den Stress in unserem herrlichen beheizten Pool los und vergessen Sie all Ihre Sorgen, w\u00e4hrend Sie auf den bequemen Sonnenliegen entspannen. Der Zugang zum Pool ist f\u00fcr alle unsere G\u00e4ste kostenlos. Wunderbar, nicht wahr? Fitnessraum Haben Sie nach einem Tag in Br\u00fcgge noch genug Energie f\u00fcr eine [&hellip;]<\/p>\n","protected":false},"author":2,"featured_media":0,"parent":0,"menu_order":0,"comment_status":"closed","ping_status":"closed","template":"page-full-width.php","meta":{"footnotes":""},"class_list":["post-17326","page","type-page","status-publish","hentry"],"yoast_head":"<!-- This site is optimized with the Yoast SEO plugin v27.3 - https:\/\/yoast.com\/product\/yoast-seo-wordpress\/ -->\n<title>Unsere Vorteile - Grand Hotel Normandy Pool | Bar | Fitnessraum<\/title>\n<meta name=\"description\" content=\"Explore the amenities at the Grand Hotel Normandy in Bruges. Enjoy a heated pool, free WiFi, fitness center, and more, designed to make your stay comfortable and enjoyable.\" \/>\n<meta name=\"robots\" content=\"index, follow, max-snippet:-1, max-image-preview:large, max-video-preview:-1\" \/>\n<link rel=\"canonical\" href=\"https:\/\/grandhotelnormandy.com\/de\/unsere-vorteile\/\" \/>\n<meta property=\"og:locale\" content=\"de_DE\" \/>\n<meta property=\"og:type\" content=\"article\" \/>\n<meta property=\"og:title\" content=\"Unsere Vorteile - Grand Hotel Normandy Pool | Bar | Fitnessraum\" \/>\n<meta property=\"og:description\" content=\"Explore the amenities at the Grand Hotel Normandy in Bruges. Enjoy a heated pool, free WiFi, fitness center, and more, designed to make your stay comfortable and enjoyable.\" \/>\n<meta property=\"og:url\" content=\"https:\/\/grandhotelnormandy.com\/de\/unsere-vorteile\/\" \/>\n<meta property=\"og:site_name\" content=\"Grand Hotel Normandy\" \/>\n<meta property=\"article:publisher\" content=\"https:\/\/www.facebook.com\/grandhotelnormandy\" \/>\n<meta property=\"article:modified_time\" content=\"2026-04-03T13:36:17+00:00\" \/>\n<meta property=\"og:image\" content=\"https:\/\/grandhotelnormandy.com\/wp-content\/uploads\/2024\/02\/amenities-12.webp\" \/>\n\t<meta property=\"og:image:width\" content=\"1024\" \/>\n\t<meta property=\"og:image:height\" content=\"683\" \/>\n\t<meta property=\"og:image:type\" content=\"image\/webp\" \/>\n<meta name=\"twitter:card\" content=\"summary_large_image\" \/>\n<script type=\"application\/ld+json\" class=\"yoast-schema-graph\">{\"@context\":\"https:\\\/\\\/schema.org\",\"@graph\":[{\"@type\":\"WebPage\",\"@id\":\"https:\\\/\\\/grandhotelnormandy.com\\\/de\\\/unsere-vorteile\\\/\",\"url\":\"https:\\\/\\\/grandhotelnormandy.com\\\/de\\\/unsere-vorteile\\\/\",\"name\":\"Unsere Vorteile - Grand Hotel Normandy Pool | Bar | Fitnessraum\",\"isPartOf\":{\"@id\":\"https:\\\/\\\/grandhotelnormandy.com\\\/de\\\/#website\"},\"primaryImageOfPage\":{\"@id\":\"https:\\\/\\\/grandhotelnormandy.com\\\/de\\\/unsere-vorteile\\\/#primaryimage\"},\"image\":{\"@id\":\"https:\\\/\\\/grandhotelnormandy.com\\\/de\\\/unsere-vorteile\\\/#primaryimage\"},\"thumbnailUrl\":\"https:\\\/\\\/grandhotelnormandy.com\\\/wp-content\\\/uploads\\\/2024\\\/02\\\/amenities-12.webp\",\"datePublished\":\"2024-02-10T20:09:48+00:00\",\"dateModified\":\"2026-04-03T13:36:17+00:00\",\"description\":\"Explore the amenities at the Grand Hotel Normandy in Bruges. Enjoy a heated pool, free WiFi, fitness center, and more, designed to make your stay comfortable and enjoyable.\",\"breadcrumb\":{\"@id\":\"https:\\\/\\\/grandhotelnormandy.com\\\/de\\\/unsere-vorteile\\\/#breadcrumb\"},\"inLanguage\":\"de\",\"potentialAction\":[{\"@type\":\"ReadAction\",\"target\":[\"https:\\\/\\\/grandhotelnormandy.com\\\/de\\\/unsere-vorteile\\\/\"]}]},{\"@type\":\"ImageObject\",\"inLanguage\":\"de\",\"@id\":\"https:\\\/\\\/grandhotelnormandy.com\\\/de\\\/unsere-vorteile\\\/#primaryimage\",\"url\":\"https:\\\/\\\/grandhotelnormandy.com\\\/wp-content\\\/uploads\\\/2024\\\/02\\\/amenities-12.webp\",\"contentUrl\":\"https:\\\/\\\/grandhotelnormandy.com\\\/wp-content\\\/uploads\\\/2024\\\/02\\\/amenities-12.webp\"},{\"@type\":\"BreadcrumbList\",\"@id\":\"https:\\\/\\\/grandhotelnormandy.com\\\/de\\\/unsere-vorteile\\\/#breadcrumb\",\"itemListElement\":[{\"@type\":\"ListItem\",\"position\":1,\"name\":\"Home\",\"item\":\"https:\\\/\\\/grandhotelnormandy.com\\\/de\\\/startseite\\\/\"},{\"@type\":\"ListItem\",\"position\":2,\"name\":\"Unsere Vorteile\"}]},{\"@type\":\"WebSite\",\"@id\":\"https:\\\/\\\/grandhotelnormandy.com\\\/de\\\/#website\",\"url\":\"https:\\\/\\\/grandhotelnormandy.com\\\/de\\\/\",\"name\":\"Grand Hotel Normandy Bruges\",\"description\":\"CW Hotel Collection - Best Hotels In Bruges\",\"publisher\":{\"@id\":\"https:\\\/\\\/grandhotelnormandy.com\\\/de\\\/#organization\"},\"potentialAction\":[{\"@type\":\"SearchAction\",\"target\":{\"@type\":\"EntryPoint\",\"urlTemplate\":\"https:\\\/\\\/grandhotelnormandy.com\\\/de\\\/?s={search_term_string}\"},\"query-input\":{\"@type\":\"PropertyValueSpecification\",\"valueRequired\":true,\"valueName\":\"search_term_string\"}}],\"inLanguage\":\"de\"},{\"@type\":\"Organization\",\"@id\":\"https:\\\/\\\/grandhotelnormandy.com\\\/de\\\/#organization\",\"name\":\"Grand Hotel Normandy 4 stars Hotel\",\"url\":\"https:\\\/\\\/grandhotelnormandy.com\\\/de\\\/\",\"logo\":{\"@type\":\"ImageObject\",\"inLanguage\":\"de\",\"@id\":\"https:\\\/\\\/grandhotelnormandy.com\\\/de\\\/#\\\/schema\\\/logo\\\/image\\\/\",\"url\":\"https:\\\/\\\/grandhotelnormandy.com\\\/wp-content\\\/uploads\\\/2024\\\/02\\\/GHNormandy.png\",\"contentUrl\":\"https:\\\/\\\/grandhotelnormandy.com\\\/wp-content\\\/uploads\\\/2024\\\/02\\\/GHNormandy.png\",\"width\":778,\"height\":653,\"caption\":\"Grand Hotel Normandy 4 stars Hotel\"},\"image\":{\"@id\":\"https:\\\/\\\/grandhotelnormandy.com\\\/de\\\/#\\\/schema\\\/logo\\\/image\\\/\"},\"sameAs\":[\"https:\\\/\\\/www.facebook.com\\\/grandhotelnormandy\"]}]}<\/script>\n<!-- \/ Yoast SEO plugin. -->","yoast_head_json":{"title":"Unsere Vorteile - Grand Hotel Normandy Pool | Bar | Fitnessraum","description":"Explore the amenities at the Grand Hotel Normandy in Bruges. Enjoy a heated pool, free WiFi, fitness center, and more, designed to make your stay comfortable and enjoyable.","robots":{"index":"index","follow":"follow","max-snippet":"max-snippet:-1","max-image-preview":"max-image-preview:large","max-video-preview":"max-video-preview:-1"},"canonical":"https:\/\/grandhotelnormandy.com\/de\/unsere-vorteile\/","og_locale":"de_DE","og_type":"article","og_title":"Unsere Vorteile - Grand Hotel Normandy Pool | Bar | Fitnessraum","og_description":"Explore the amenities at the Grand Hotel Normandy in Bruges. Enjoy a heated pool, free WiFi, fitness center, and more, designed to make your stay comfortable and enjoyable.","og_url":"https:\/\/grandhotelnormandy.com\/de\/unsere-vorteile\/","og_site_name":"Grand Hotel Normandy","article_publisher":"https:\/\/www.facebook.com\/grandhotelnormandy","article_modified_time":"2026-04-03T13:36:17+00:00","og_image":[{"width":1024,"height":683,"url":"https:\/\/grandhotelnormandy.com\/wp-content\/uploads\/2024\/02\/amenities-12.webp","type":"image\/webp"}],"twitter_card":"summary_large_image","schema":{"@context":"https:\/\/schema.org","@graph":[{"@type":"WebPage","@id":"https:\/\/grandhotelnormandy.com\/de\/unsere-vorteile\/","url":"https:\/\/grandhotelnormandy.com\/de\/unsere-vorteile\/","name":"Unsere Vorteile - Grand Hotel Normandy Pool | Bar | Fitnessraum","isPartOf":{"@id":"https:\/\/grandhotelnormandy.com\/de\/#website"},"primaryImageOfPage":{"@id":"https:\/\/grandhotelnormandy.com\/de\/unsere-vorteile\/#primaryimage"},"image":{"@id":"https:\/\/grandhotelnormandy.com\/de\/unsere-vorteile\/#primaryimage"},"thumbnailUrl":"https:\/\/grandhotelnormandy.com\/wp-content\/uploads\/2024\/02\/amenities-12.webp","datePublished":"2024-02-10T20:09:48+00:00","dateModified":"2026-04-03T13:36:17+00:00","description":"Explore the amenities at the Grand Hotel Normandy in Bruges. Enjoy a heated pool, free WiFi, fitness center, and more, designed to make your stay comfortable and enjoyable.","breadcrumb":{"@id":"https:\/\/grandhotelnormandy.com\/de\/unsere-vorteile\/#breadcrumb"},"inLanguage":"de","potentialAction":[{"@type":"ReadAction","target":["https:\/\/grandhotelnormandy.com\/de\/unsere-vorteile\/"]}]},{"@type":"ImageObject","inLanguage":"de","@id":"https:\/\/grandhotelnormandy.com\/de\/unsere-vorteile\/#primaryimage","url":"https:\/\/grandhotelnormandy.com\/wp-content\/uploads\/2024\/02\/amenities-12.webp","contentUrl":"https:\/\/grandhotelnormandy.com\/wp-content\/uploads\/2024\/02\/amenities-12.webp"},{"@type":"BreadcrumbList","@id":"https:\/\/grandhotelnormandy.com\/de\/unsere-vorteile\/#breadcrumb","itemListElement":[{"@type":"ListItem","position":1,"name":"Home","item":"https:\/\/grandhotelnormandy.com\/de\/startseite\/"},{"@type":"ListItem","position":2,"name":"Unsere Vorteile"}]},{"@type":"WebSite","@id":"https:\/\/grandhotelnormandy.com\/de\/#website","url":"https:\/\/grandhotelnormandy.com\/de\/","name":"Grand Hotel Normandy Bruges","description":"CW Hotel Collection - Best Hotels In Bruges","publisher":{"@id":"https:\/\/grandhotelnormandy.com\/de\/#organization"},"potentialAction":[{"@type":"SearchAction","target":{"@type":"EntryPoint","urlTemplate":"https:\/\/grandhotelnormandy.com\/de\/?s={search_term_string}"},"query-input":{"@type":"PropertyValueSpecification","valueRequired":true,"valueName":"search_term_string"}}],"inLanguage":"de"},{"@type":"Organization","@id":"https:\/\/grandhotelnormandy.com\/de\/#organization","name":"Grand Hotel Normandy 4 stars Hotel","url":"https:\/\/grandhotelnormandy.com\/de\/","logo":{"@type":"ImageObject","inLanguage":"de","@id":"https:\/\/grandhotelnormandy.com\/de\/#\/schema\/logo\/image\/","url":"https:\/\/grandhotelnormandy.com\/wp-content\/uploads\/2024\/02\/GHNormandy.png","contentUrl":"https:\/\/grandhotelnormandy.com\/wp-content\/uploads\/2024\/02\/GHNormandy.png","width":778,"height":653,"caption":"Grand Hotel Normandy 4 stars Hotel"},"image":{"@id":"https:\/\/grandhotelnormandy.com\/de\/#\/schema\/logo\/image\/"},"sameAs":["https:\/\/www.facebook.com\/grandhotelnormandy"]}]}},"_links":{"self":[{"href":"https:\/\/grandhotelnormandy.com\/de\/wp-json\/wp\/v2\/pages\/17326","targetHints":{"allow":["GET"]}}],"collection":[{"href":"https:\/\/grandhotelnormandy.com\/de\/wp-json\/wp\/v2\/pages"}],"about":[{"href":"https:\/\/grandhotelnormandy.com\/de\/wp-json\/wp\/v2\/types\/page"}],"author":[{"embeddable":true,"href":"https:\/\/grandhotelnormandy.com\/de\/wp-json\/wp\/v2\/users\/2"}],"replies":[{"embeddable":true,"href":"https:\/\/grandhotelnormandy.com\/de\/wp-json\/wp\/v2\/comments?post=17326"}],"version-history":[{"count":10,"href":"https:\/\/grandhotelnormandy.com\/de\/wp-json\/wp\/v2\/pages\/17326\/revisions"}],"predecessor-version":[{"id":19414,"href":"https:\/\/grandhotelnormandy.com\/de\/wp-json\/wp\/v2\/pages\/17326\/revisions\/19414"}],"wp:attachment":[{"href":"https:\/\/grandhotelnormandy.com\/de\/wp-json\/wp\/v2\/media?parent=17326"}],"curies":[{"name":"wp","href":"https:\/\/api.w.org\/{rel}","templated":true}]}}